{"id":323,"date":"2024-09-18T13:11:34","date_gmt":"2024-09-18T13:11:34","guid":{"rendered":"https:\/\/sitelamaisonmews.live-website.com\/?page_id=323"},"modified":"2024-11-12T18:02:22","modified_gmt":"2024-11-12T18:02:22","slug":"cgv","status":"publish","type":"page","link":"https:\/\/lamaisontrebeurden.fr\/de\/cgv\/","title":{"rendered":"AGB"},"content":{"rendered":"<div data-elementor-type=\"wp-page\" data-elementor-id=\"323\" class=\"elementor elementor-323\" data-elementor-post-type=\"page\">\n\t\t\t\t<div class=\"elementor-element elementor-element-b4cbc7e e-flex e-con-boxed e-con e-parent\" data-id=\"b4cbc7e\" data-element_type=\"container\" data-e-type=\"container\">\n\t\t\t\t\t<div class=\"e-con-inner\">\n\t\t\t\t<div class=\"elementor-element elementor-element-aa0b3d7 elementor-widget elementor-widget-heading\" data-id=\"aa0b3d7\" data-element_type=\"widget\" data-e-type=\"widget\" data-widget_type=\"heading.default\">\n\t\t\t\t\t<h1 class=\"elementor-heading-title elementor-size-default\">Allgemeine Gesch\u00e4ftsbedingungen<\/h1>\t\t\t\t<\/div>\n\t\t\t\t\t<\/div>\n\t\t\t\t<\/div>\n\t\t<div class=\"elementor-element elementor-element-427dac3 e-con-full e-flex e-con e-parent\" data-id=\"427dac3\" data-element_type=\"container\" data-e-type=\"container\">\n\t\t<div class=\"elementor-element elementor-element-a334888 e-con-full e-flex e-con e-child\" data-id=\"a334888\" data-element_type=\"container\" data-e-type=\"container\" data-settings=\"{&quot;background_background&quot;:&quot;classic&quot;}\">\n\t\t\t\t<div class=\"elementor-element elementor-element-80ca6cc elementor-widget elementor-widget-text-editor\" data-id=\"80ca6cc\" data-element_type=\"widget\" data-e-type=\"widget\" data-widget_type=\"text-editor.default\">\n\t\t\t\t\t\t\t\t\t<p><br><\/p><p>Alle Reservierungen m\u00fcssen durch eine am Tag des Aufenthaltsbeginns g\u00fcltige Kreditkarte garantiert werden. Im Falle einer Kreditkarte, die vor der Ankunft des Gastes f\u00e4llig wird, beh\u00e4lt sich das Hotel das Recht vor, die Buchung ohne Vorank\u00fcndigung zu stornieren.<\/p>\n<p>Bei Gruppenbuchungen (mehr als 3 Zimmer) beh\u00e4lt sich das Hotel das Recht vor, 30% (maximal) des geschuldeten Gesamtbetrages bei der Buchung abzubuchen, um sicherzustellen, dass die Karte den Anforderungen entspricht. Im Falle einer R\u00fcckbuchung beh\u00e4lt sich das Hotel das Recht vor, die Buchung ohne Vorank\u00fcndigung zu stornieren.<\/p>\n<p><b><u>Sp\u00e4te Abreise :<\/u><\/b><\/p>\n<p>Die Zimmer m\u00fcssen sp\u00e4testens ger\u00e4umt werden <span dir=\"ltr\">um 11:00 Uhr<\/span>. Im Falle einer tariflichen Abreise werden zus\u00e4tzliche Kosten wie folgt berechnet:<\/p>\n<ul>\n<li>Abreise <span dir=\"ltr\">zwischen 11:00 und 14:00 Uhr<\/span> : 50% des Zimmerpreises wird berechnet<\/li>\n<li>Abreise <span dir=\"ltr\">nach 15.00 Uhr<\/span> : 100% des Zimmerpreises wird berechnet<\/li>\n<\/ul>\n<p>Die Annahme einer sp\u00e4ten Abreise h\u00e4ngt von der Verf\u00fcgbarkeit des Hotels ab.<\/p>\n<p><b><u>Vorzeitige Anreise :<\/u><\/b><\/p>\n<p>Die Zimmer sind verf\u00fcgbar <span dir=\"ltr\">ab 15:00 Uhr<\/span>. Bei vorzeitiger Anreise werden folgende Zusatzkosten berechnet:<\/p>\n<ul>\n<li>Ankunft <span dir=\"ltr\">zwischen 07:30 und 12:00 Uhr<\/span> : 100% des Zimmerpreises wird berechnet<\/li>\n<li>Ankunft <span dir=\"ltr\">zwischen 12:00 und 15:00 Uhr<\/span> : 50% des Zimmerpreises wird berechnet<\/li>\n<\/ul>\n<p>Die Annahme einer fr\u00fcheren Anreise unterliegt der Verf\u00fcgbarkeit des Hotels.<\/p>\n<p><b><u>Vorzeitige Abreise :<\/u><\/b><\/p>\n<p><\/p>\n<p>Im Falle einer vorzeitigen Abreise werden der gesamte Aufenthalt und die gebuchten Leistungen (Fr\u00fchst\u00fcck, Halbpension ...) in Rechnung gestellt.  Diese Kosten k\u00f6nnen nicht gutgeschrieben werden.<\/p>\n<p><b><u>Tiere :<\/u><\/b><\/p>\n<p>Tiere mit einem Gewicht von maximal 10 kg sind im Hotel erlaubt. Die Besitzer verpflichten sich, das Tier nicht allein in den Zimmern zu lassen und eventuell entstandene Sch\u00e4den zu melden.<\/p>\n<p>Es ist nur ein Tier pro Buchung erlaubt und seine Anwesenheit muss bei der Buchung mitgeteilt werden. Das Hotel beh\u00e4lt sich das Recht vor, das Tier abzulehnen, wenn seine Anwesenheit nicht vorher angemeldet wurde.<\/p>\n<p>Die Anwesenheit eines Tieres f\u00fchrt automatisch zu einer zus\u00e4tzlichen Geb\u00fchr von 15\u20ac pro Aufenthalt und Tier. Diese Geb\u00fchr entspricht den Reinigungskosten und beinhaltet nicht die Futterkosten.<\/p>\t\t\t\t\t\t\t\t<\/div>\n\t\t\t\t<\/div>\n\t\t\t\t<\/div>\n\t\t\t\t<\/div>","protected":false},"excerpt":{"rendered":"<p>Allgemeine Gesch\u00e4ftsbedingungen Alle Reservierungen m\u00fcssen durch eine am Tag des Aufenthaltsbeginns g\u00fcltige Kreditkarte garantiert werden. Im Falle einer Kreditkarte, die vor der Ankunft des Gastes f\u00e4llig wird, beh\u00e4lt sich das Hotel das Recht vor, die Buchung ohne Vorank\u00fcndigung zu stornieren. Im Rahmen von Gruppenbuchungen (mehr als ... <\/p>\n<p class=\"link-more\"><a href=\"https:\/\/lamaisontrebeurden.fr\/de\/cgv\/\" class=\"more-link\"><span class=\"screen-reader-text\">\"AGB\" <\/span>weiterlesen<\/a><\/p>","protected":false},"author":1,"featured_media":0,"parent":0,"menu_order":0,"comment_status":"closed","ping_status":"closed","template":"","meta":{"footnotes":""},"class_list":["post-323","page","type-page","status-publish","hentry"],"jetpack_sharing_enabled":true,"_links":{"self":[{"href":"https:\/\/lamaisontrebeurden.fr\/de\/wp-json\/wp\/v2\/pages\/323","targetHints":{"allow":["GET"]}}],"collection":[{"href":"https:\/\/lamaisontrebeurden.fr\/de\/wp-json\/wp\/v2\/pages"}],"about":[{"href":"https:\/\/lamaisontrebeurden.fr\/de\/wp-json\/wp\/v2\/types\/page"}],"author":[{"embeddable":true,"href":"https:\/\/lamaisontrebeurden.fr\/de\/wp-json\/wp\/v2\/users\/1"}],"replies":[{"embeddable":true,"href":"https:\/\/lamaisontrebeurden.fr\/de\/wp-json\/wp\/v2\/comments?post=323"}],"version-history":[{"count":0,"href":"https:\/\/lamaisontrebeurden.fr\/de\/wp-json\/wp\/v2\/pages\/323\/revisions"}],"wp:attachment":[{"href":"https:\/\/lamaisontrebeurden.fr\/de\/wp-json\/wp\/v2\/media?parent=323"}],"curies":[{"name":"wp","href":"https:\/\/api.w.org\/{rel}","templated":true}]}}