{"id":4827,"date":"2024-10-26T13:31:19","date_gmt":"2024-10-26T13:31:19","guid":{"rendered":"https:\/\/sitelamaisonmews.live-website.com\/?page_id=4827"},"modified":"2026-03-24T23:31:46","modified_gmt":"2026-03-24T23:31:46","slug":"blog-la-region-de-trebeurden-bretagne","status":"publish","type":"page","link":"https:\/\/lamaisontrebeurden.fr\/de\/blog-la-region-de-trebeurden-bretagne\/","title":{"rendered":"Blog"},"content":{"rendered":"<div data-elementor-type=\"wp-page\" data-elementor-id=\"4827\" class=\"elementor elementor-4827\" data-elementor-post-type=\"page\">\n\t\t\t\t<div class=\"elementor-element elementor-element-7039618 e-con-full e-flex e-con e-parent\" data-id=\"7039618\" data-element_type=\"container\" data-e-type=\"container\">\n\t\t\t\t<div class=\"elementor-element elementor-element-59f3e03 elementor-widget__width-inherit elementor-widget elementor-widget-image\" data-id=\"59f3e03\" data-element_type=\"widget\" data-e-type=\"widget\" data-widget_type=\"image.default\">\n\t\t\t\t\t\t\t\t\t\t\t\t\t\t\t<img fetchpriority=\"high\" decoding=\"async\" width=\"525\" height=\"273\" src=\"https:\/\/lamaisontrebeurden.fr\/wp-content\/uploads\/2024\/11\/Region-5-e1731435576563.webp\" class=\"attachment-large size-large wp-image-6284\" alt=\"la cote de granit rose 5\" srcset=\"https:\/\/lamaisontrebeurden.fr\/wp-content\/uploads\/2024\/11\/Region-5-e1731435576563.webp 1018w, https:\/\/lamaisontrebeurden.fr\/wp-content\/uploads\/2024\/11\/Region-5-e1731435576563-350x182.webp 350w\" sizes=\"100vw\" \/>\t\t\t\t\t\t\t\t\t\t\t\t\t\t\t<\/div>\n\t\t\t\t<\/div>\n\t\t<article class=\"elementor-element elementor-element-8263849 e-con-full e-flex e-con e-parent\" data-id=\"8263849\" data-element_type=\"container\" data-e-type=\"container\">\n\t\t\t\t<div class=\"elementor-element elementor-element-652876e premium-blog__carousel-yes elementor-widget__width-inherit premium-blog-align-left elementor-widget elementor-widget-premium-addon-blog\" data-id=\"652876e\" data-element_type=\"widget\" data-e-type=\"widget\" data-settings=\"{&quot;premium_blog_carousel&quot;:&quot;yes&quot;,&quot;premium_blog_columns_number&quot;:&quot;33.33%&quot;,&quot;premium_blog_carousel_center&quot;:&quot;yes&quot;,&quot;premium_blog_grid&quot;:&quot;yes&quot;,&quot;premium_blog_layout&quot;:&quot;even&quot;,&quot;premium_blog_columns_number_tablet&quot;:&quot;50%&quot;,&quot;premium_blog_columns_number_mobile&quot;:&quot;100%&quot;,&quot;carousel_speed&quot;:300,&quot;premium_blog_carousel_spacing&quot;:&quot;15&quot;,&quot;premium_blog_carousel_arrows&quot;:&quot;yes&quot;,&quot;arrows_position&quot;:&quot;default&quot;}\" data-widget_type=\"premium-addon-blog.default\">\n\t\t\t\t\t\n\t\t\n\n\t\t\t\t<div class=\"premium-blog-wrap  premium-blog-even premium-carousel-hidden\" data-page=\"4827\">\n\t\t\t\t\t\t\t\t\t<div class=\"premium-blog-post-outer-container\" data-total=\"2\">\n\t\t\t<div class=\"premium-blog-post-container premium-blog-skin-modern\">\n\t\t\t\t\t\t\t\t\t<div class=\"premium-blog-thumb-effect-wrapper\">\n\t\t\t\t\t\t<div class=\"premium-blog-thumbnail-container premium-blog-zoomin-effect\">\n\t\t\t\t\t\t\t\t\t\t\t<a href=\"https:\/\/lamaisontrebeurden.fr\/de\/les-specialites-culinaires-bretonnes-un-voyage-gourmand\/\" target=\"_blank\">\n\t\t\t\t<img decoding=\"async\" width=\"1280\" height=\"801\" src=\"https:\/\/lamaisontrebeurden.fr\/wp-content\/uploads\/2024\/12\/img_huitres_bretagne_restaurant_la_maison_trebeurden.webp\" class=\"attachment-full size-full wp-image-7389\" alt=\"\" srcset=\"https:\/\/lamaisontrebeurden.fr\/wp-content\/uploads\/2024\/12\/img_huitres_bretagne_restaurant_la_maison_trebeurden.webp 1280w, https:\/\/lamaisontrebeurden.fr\/wp-content\/uploads\/2024\/12\/img_huitres_bretagne_restaurant_la_maison_trebeurden-300x188.webp 300w, https:\/\/lamaisontrebeurden.fr\/wp-content\/uploads\/2024\/12\/img_huitres_bretagne_restaurant_la_maison_trebeurden-1024x641.webp 1024w, https:\/\/lamaisontrebeurden.fr\/wp-content\/uploads\/2024\/12\/img_huitres_bretagne_restaurant_la_maison_trebeurden-768x481.webp 768w, https:\/\/lamaisontrebeurden.fr\/wp-content\/uploads\/2024\/12\/img_huitres_bretagne_restaurant_la_maison_trebeurden-18x12.webp 18w, https:\/\/lamaisontrebeurden.fr\/wp-content\/uploads\/2024\/12\/img_huitres_bretagne_restaurant_la_maison_trebeurden-350x219.webp 350w\" sizes=\"(max-width: 706px) 89vw, (max-width: 767px) 82vw, 740px\" \/>\t\t\t\t<\/a>\n\t\t\t\t\t\t\t\t\t\t<\/div>\n\t\t\t\t\t\t\t\t\t\t\t\t\t<div class=\"premium-blog-effect-container premium-blog-framed-effect\">\n\t\t\t\t\t\t\t\t<a class=\"premium-blog-post-link\" href=\"https:\/\/lamaisontrebeurden.fr\/de\/les-specialites-culinaires-bretonnes-un-voyage-gourmand\/\" target=\"_blank\"><span>Die kulinarischen Spezialit\u00e4ten der Bretagne: eine Reise f\u00fcr Feinschmecker<\/span><\/a>\n\t\t\t\t\t\t\t\t\t\t\t\t\t\t\t<\/div>\n\t\t\t\t\t\t\t\t\t\t\t<\/div>\n\t\t\t\t\t\t\t\t\t\t\t\t<div class=\"premium-blog-content-wrapper\">\n\n\t\t\t\t\t<div class=\"premium-blog-inner-container\">\n\n\t\t\t\t\t\t\t\t\t\t\t\t\t\t<h2 class=\"premium-blog-entry-title\">\n\t\t\t<a href=\"https:\/\/lamaisontrebeurden.fr\/de\/les-specialites-culinaires-bretonnes-un-voyage-gourmand\/\" target=\"_blank\">\n\t\t\t\tDie kulinarischen Spezialit\u00e4ten der Bretagne: eine Reise f\u00fcr Feinschmecker\t\t\t<\/a>\n\t\t<\/h2>\n\t\t\t\t<div class=\"premium-blog-entry-meta\">\n\t\t\t\n\t\t\t\n\t\t\t\n\t\t\t\t\t<\/div>\n\t\t\n\t\t\t\t\t<\/div>\n\n\t\t\t\t\t\t\t<div class=\"premium-blog-content-inner-wrapper\">\n\t\t<p class=\"premium-blog-post-content\">Die Bretagne ist eine symboltr\u00e4chtige Region Frankreichs, die sowohl durch ihre wilden Landschaften als auch durch ihre reichen und vielf\u00e4ltigen kulinarischen Traditionen besticht. Die ...<\/p>\t\t<\/div>\n\t\t\t\t\t\t\t\n\t\t\t\t<\/div>\n\t\t\t<\/div>\n\t\t<\/div>\n\n\t\t\t\t<div class=\"premium-blog-post-outer-container\" data-total=\"2\">\n\t\t\t<div class=\"premium-blog-post-container premium-blog-skin-modern\">\n\t\t\t\t\t\t\t\t\t<div class=\"premium-blog-thumb-effect-wrapper\">\n\t\t\t\t\t\t<div class=\"premium-blog-thumbnail-container premium-blog-zoomin-effect\">\n\t\t\t\t\t\t\t\t\t\t\t<a href=\"https:\/\/lamaisontrebeurden.fr\/de\/cadeau-de-noel-original-decouvrez-notre-selection-authentique\/\" target=\"_blank\">\n\t\t\t\t<img decoding=\"async\" width=\"1280\" height=\"801\" src=\"https:\/\/lamaisontrebeurden.fr\/wp-content\/uploads\/2024\/12\/Cadeau-original-.webp\" class=\"attachment-full size-full wp-image-7290\" alt=\"cadeau original de la Boutique de La Maison Tr\u00e9beurden\" srcset=\"https:\/\/lamaisontrebeurden.fr\/wp-content\/uploads\/2024\/12\/Cadeau-original-.webp 1280w, https:\/\/lamaisontrebeurden.fr\/wp-content\/uploads\/2024\/12\/Cadeau-original--300x188.webp 300w, https:\/\/lamaisontrebeurden.fr\/wp-content\/uploads\/2024\/12\/Cadeau-original--1024x641.webp 1024w, https:\/\/lamaisontrebeurden.fr\/wp-content\/uploads\/2024\/12\/Cadeau-original--768x481.webp 768w, https:\/\/lamaisontrebeurden.fr\/wp-content\/uploads\/2024\/12\/Cadeau-original--18x12.webp 18w, https:\/\/lamaisontrebeurden.fr\/wp-content\/uploads\/2024\/12\/Cadeau-original--350x219.jpg 350w\" sizes=\"(max-width: 706px) 89vw, (max-width: 767px) 82vw, 740px\" \/>\t\t\t\t<\/a>\n\t\t\t\t\t\t\t\t\t\t<\/div>\n\t\t\t\t\t\t\t\t\t\t\t\t\t<div class=\"premium-blog-effect-container premium-blog-framed-effect\">\n\t\t\t\t\t\t\t\t<a class=\"premium-blog-post-link\" href=\"https:\/\/lamaisontrebeurden.fr\/de\/cadeau-de-noel-original-decouvrez-notre-selection-authentique\/\" target=\"_blank\"><span>Originelle Weihnachtsgeschenke: Entdecken Sie unsere authentische Auswahl<\/span><\/a>\n\t\t\t\t\t\t\t\t\t\t\t\t\t\t\t<\/div>\n\t\t\t\t\t\t\t\t\t\t\t<\/div>\n\t\t\t\t\t\t\t\t\t\t\t\t<div class=\"premium-blog-content-wrapper\">\n\n\t\t\t\t\t<div class=\"premium-blog-inner-container\">\n\n\t\t\t\t\t\t\t\t\t\t\t\t\t\t<h2 class=\"premium-blog-entry-title\">\n\t\t\t<a href=\"https:\/\/lamaisontrebeurden.fr\/de\/cadeau-de-noel-original-decouvrez-notre-selection-authentique\/\" target=\"_blank\">\n\t\t\t\tOriginelle Weihnachtsgeschenke: Entdecken Sie unsere authentische Auswahl\t\t\t<\/a>\n\t\t<\/h2>\n\t\t\t\t<div class=\"premium-blog-entry-meta\">\n\t\t\t\n\t\t\t\n\t\t\t\n\t\t\t\t\t<\/div>\n\t\t\n\t\t\t\t\t<\/div>\n\n\t\t\t\t\t\t\t<div class=\"premium-blog-content-inner-wrapper\">\n\t\t<p class=\"premium-blog-post-content\">Sind Sie auf der Suche nach einem originellen Weihnachtsgeschenk, mit dem Sie Ihre Lieben dieses Jahr \u00fcberraschen k\u00f6nnen? Warum entscheiden Sie sich nicht f\u00fcr ein Geschenk ...<\/p>\t\t<\/div>\n\t\t\t\t\t\t\t\n\t\t\t\t<\/div>\n\t\t\t<\/div>\n\t\t<\/div>\n\n\t\t\t\t<div class=\"premium-blog-post-outer-container\" data-total=\"2\">\n\t\t\t<div class=\"premium-blog-post-container premium-blog-skin-modern\">\n\t\t\t\t\t\t\t\t\t<div class=\"premium-blog-thumb-effect-wrapper\">\n\t\t\t\t\t\t<div class=\"premium-blog-thumbnail-container premium-blog-zoomin-effect\">\n\t\t\t\t\t\t\t\t\t\t\t<a href=\"https:\/\/lamaisontrebeurden.fr\/de\/que-faire-en-bretagne-quand-il-pleut-nos-idees-vers-trebeurden\/\" target=\"_blank\">\n\t\t\t\t<img loading=\"lazy\" decoding=\"async\" width=\"1280\" height=\"801\" src=\"https:\/\/lamaisontrebeurden.fr\/wp-content\/uploads\/2024\/11\/Que-faire-quand-il-pleut.webp\" class=\"attachment-full size-full wp-image-7281\" alt=\"La Cit\u00e9 des T\u00e9l\u00e9coms en Bretagne quand il pleut\" srcset=\"https:\/\/lamaisontrebeurden.fr\/wp-content\/uploads\/2024\/11\/Que-faire-quand-il-pleut.webp 1280w, https:\/\/lamaisontrebeurden.fr\/wp-content\/uploads\/2024\/11\/Que-faire-quand-il-pleut-300x188.webp 300w, https:\/\/lamaisontrebeurden.fr\/wp-content\/uploads\/2024\/11\/Que-faire-quand-il-pleut-1024x641.webp 1024w, https:\/\/lamaisontrebeurden.fr\/wp-content\/uploads\/2024\/11\/Que-faire-quand-il-pleut-768x481.webp 768w, https:\/\/lamaisontrebeurden.fr\/wp-content\/uploads\/2024\/11\/Que-faire-quand-il-pleut-18x12.webp 18w, https:\/\/lamaisontrebeurden.fr\/wp-content\/uploads\/2024\/11\/Que-faire-quand-il-pleut-350x219.jpg 350w\" sizes=\"(max-width: 706px) 89vw, (max-width: 767px) 82vw, 740px\" \/>\t\t\t\t<\/a>\n\t\t\t\t\t\t\t\t\t\t<\/div>\n\t\t\t\t\t\t\t\t\t\t\t\t\t<div class=\"premium-blog-effect-container premium-blog-framed-effect\">\n\t\t\t\t\t\t\t\t<a class=\"premium-blog-post-link\" href=\"https:\/\/lamaisontrebeurden.fr\/de\/que-faire-en-bretagne-quand-il-pleut-nos-idees-vers-trebeurden\/\" target=\"_blank\"><span>Was kann man in der Bretagne tun, wenn es regnet? Unsere Ideen in Richtung Tr\u00e9beurden.<\/span><\/a>\n\t\t\t\t\t\t\t\t\t\t\t\t\t\t\t<\/div>\n\t\t\t\t\t\t\t\t\t\t\t<\/div>\n\t\t\t\t\t\t\t\t\t\t\t\t<div class=\"premium-blog-content-wrapper\">\n\n\t\t\t\t\t<div class=\"premium-blog-inner-container\">\n\n\t\t\t\t\t\t\t\t\t\t\t\t\t\t<h2 class=\"premium-blog-entry-title\">\n\t\t\t<a href=\"https:\/\/lamaisontrebeurden.fr\/de\/que-faire-en-bretagne-quand-il-pleut-nos-idees-vers-trebeurden\/\" target=\"_blank\">\n\t\t\t\tWas kann man in der Bretagne tun, wenn es regnet? Unsere Ideen in Richtung Tr\u00e9beurden.\t\t\t<\/a>\n\t\t<\/h2>\n\t\t\t\t<div class=\"premium-blog-entry-meta\">\n\t\t\t\n\t\t\t\n\t\t\t\n\t\t\t\t\t<\/div>\n\t\t\n\t\t\t\t\t<\/div>\n\n\t\t\t\t\t\t\t<div class=\"premium-blog-content-inner-wrapper\">\n\t\t<p class=\"premium-blog-post-content\">Die Bretagne bietet auch dann herrliche Landschaften, wenn der Himmel grau ist und der Regen einsetzt. F\u00fcr Besucher, die sich in ...<\/p>\t\t<\/div>\n\t\t\t\t\t\t\t\n\t\t\t\t<\/div>\n\t\t\t<\/div>\n\t\t<\/div>\n\n\t\t\t\t<div class=\"premium-blog-post-outer-container\" data-total=\"2\">\n\t\t\t<div class=\"premium-blog-post-container premium-blog-skin-modern\">\n\t\t\t\t\t\t\t\t\t<div class=\"premium-blog-thumb-effect-wrapper\">\n\t\t\t\t\t\t<div class=\"premium-blog-thumbnail-container premium-blog-zoomin-effect\">\n\t\t\t\t\t\t\t\t\t\t\t<a href=\"https:\/\/lamaisontrebeurden.fr\/de\/magnifique-cote-de-granit-rose-en-bretagne\/\" target=\"_blank\">\n\t\t\t\t<img loading=\"lazy\" decoding=\"async\" width=\"1280\" height=\"801\" src=\"https:\/\/lamaisontrebeurden.fr\/wp-content\/uploads\/2024\/10\/Magnifique-bretagne.webp\" class=\"attachment-full size-full wp-image-7280\" alt=\"C\u00f4te de Granit Rose en Bretagne\" srcset=\"https:\/\/lamaisontrebeurden.fr\/wp-content\/uploads\/2024\/10\/Magnifique-bretagne.webp 1280w, https:\/\/lamaisontrebeurden.fr\/wp-content\/uploads\/2024\/10\/Magnifique-bretagne-300x188.webp 300w, https:\/\/lamaisontrebeurden.fr\/wp-content\/uploads\/2024\/10\/Magnifique-bretagne-1024x641.webp 1024w, https:\/\/lamaisontrebeurden.fr\/wp-content\/uploads\/2024\/10\/Magnifique-bretagne-768x481.webp 768w, https:\/\/lamaisontrebeurden.fr\/wp-content\/uploads\/2024\/10\/Magnifique-bretagne-18x12.webp 18w, https:\/\/lamaisontrebeurden.fr\/wp-content\/uploads\/2024\/10\/Magnifique-bretagne-350x219.jpg 350w\" sizes=\"(max-width: 706px) 89vw, (max-width: 767px) 82vw, 740px\" \/>\t\t\t\t<\/a>\n\t\t\t\t\t\t\t\t\t\t<\/div>\n\t\t\t\t\t\t\t\t\t\t\t\t\t<div class=\"premium-blog-effect-container premium-blog-framed-effect\">\n\t\t\t\t\t\t\t\t<a class=\"premium-blog-post-link\" href=\"https:\/\/lamaisontrebeurden.fr\/de\/magnifique-cote-de-granit-rose-en-bretagne\/\" target=\"_blank\"><span>Wundersch\u00f6ne Rosa Granitk\u00fcste in der Bretagne<\/span><\/a>\n\t\t\t\t\t\t\t\t\t\t\t\t\t\t\t<\/div>\n\t\t\t\t\t\t\t\t\t\t\t<\/div>\n\t\t\t\t\t\t\t\t\t\t\t\t<div class=\"premium-blog-content-wrapper\">\n\n\t\t\t\t\t<div class=\"premium-blog-inner-container\">\n\n\t\t\t\t\t\t\t\t\t\t\t\t\t\t<h2 class=\"premium-blog-entry-title\">\n\t\t\t<a href=\"https:\/\/lamaisontrebeurden.fr\/de\/magnifique-cote-de-granit-rose-en-bretagne\/\" target=\"_blank\">\n\t\t\t\tWundersch\u00f6ne Rosa Granitk\u00fcste in der Bretagne\t\t\t<\/a>\n\t\t<\/h2>\n\t\t\t\t<div class=\"premium-blog-entry-meta\">\n\t\t\t\n\t\t\t\n\t\t\t\n\t\t\t\t\t<\/div>\n\t\t\n\t\t\t\t\t<\/div>\n\n\t\t\t\t\t\t\t<div class=\"premium-blog-content-inner-wrapper\">\n\t\t<p class=\"premium-blog-post-content\">Eingebettet in der nordwestlichen Ecke Frankreichs verzaubert unsere Region, die Bretagne, ihre Besucher. Wenn Sie auf der Suche nach dem Ort f\u00fcr Ihre ...<\/p>\t\t<\/div>\n\t\t\t\t\t\t\t\n\t\t\t\t<\/div>\n\t\t\t<\/div>\n\t\t<\/div>\n\n\t\t\t\t<div class=\"premium-blog-post-outer-container\" data-total=\"2\">\n\t\t\t<div class=\"premium-blog-post-container premium-blog-skin-modern\">\n\t\t\t\t\t\t\t\t\t<div class=\"premium-blog-thumb-effect-wrapper\">\n\t\t\t\t\t\t<div class=\"premium-blog-thumbnail-container premium-blog-zoomin-effect\">\n\t\t\t\t\t\t\t\t\t\t\t<a href=\"https:\/\/lamaisontrebeurden.fr\/de\/meilleurs-spots-de-surf-sur-la-cote-de-granit-rose\/\" target=\"_blank\">\n\t\t\t\t<img loading=\"lazy\" decoding=\"async\" width=\"1280\" height=\"801\" src=\"https:\/\/lamaisontrebeurden.fr\/wp-content\/uploads\/2024\/10\/Surfeur-Bretagne.jpg\" class=\"attachment-full size-full wp-image-7278\" alt=\"Surfeur en mer\" srcset=\"https:\/\/lamaisontrebeurden.fr\/wp-content\/uploads\/2024\/10\/Surfeur-Bretagne.jpg 1280w, https:\/\/lamaisontrebeurden.fr\/wp-content\/uploads\/2024\/10\/Surfeur-Bretagne-300x188.jpg 300w, https:\/\/lamaisontrebeurden.fr\/wp-content\/uploads\/2024\/10\/Surfeur-Bretagne-1024x641.jpg 1024w, https:\/\/lamaisontrebeurden.fr\/wp-content\/uploads\/2024\/10\/Surfeur-Bretagne-768x481.jpg 768w, https:\/\/lamaisontrebeurden.fr\/wp-content\/uploads\/2024\/10\/Surfeur-Bretagne-18x12.jpg 18w, https:\/\/lamaisontrebeurden.fr\/wp-content\/uploads\/2024\/10\/Surfeur-Bretagne-350x219.jpg 350w\" sizes=\"(max-width: 706px) 89vw, (max-width: 767px) 82vw, 740px\" \/>\t\t\t\t<\/a>\n\t\t\t\t\t\t\t\t\t\t<\/div>\n\t\t\t\t\t\t\t\t\t\t\t\t\t<div class=\"premium-blog-effect-container premium-blog-framed-effect\">\n\t\t\t\t\t\t\t\t<a class=\"premium-blog-post-link\" href=\"https:\/\/lamaisontrebeurden.fr\/de\/meilleurs-spots-de-surf-sur-la-cote-de-granit-rose\/\" target=\"_blank\"><span>Die besten Surfspots an der C\u00f4te de Granit Rose<\/span><\/a>\n\t\t\t\t\t\t\t\t\t\t\t\t\t\t\t<\/div>\n\t\t\t\t\t\t\t\t\t\t\t<\/div>\n\t\t\t\t\t\t\t\t\t\t\t\t<div class=\"premium-blog-content-wrapper\">\n\n\t\t\t\t\t<div class=\"premium-blog-inner-container\">\n\n\t\t\t\t\t\t\t\t\t\t\t\t\t\t<h2 class=\"premium-blog-entry-title\">\n\t\t\t<a href=\"https:\/\/lamaisontrebeurden.fr\/de\/meilleurs-spots-de-surf-sur-la-cote-de-granit-rose\/\" target=\"_blank\">\n\t\t\t\tDie besten Surfspots an der C\u00f4te de Granit Rose\t\t\t<\/a>\n\t\t<\/h2>\n\t\t\t\t<div class=\"premium-blog-entry-meta\">\n\t\t\t\n\t\t\t\n\t\t\t\n\t\t\t\t\t<\/div>\n\t\t\n\t\t\t\t\t<\/div>\n\n\t\t\t\t\t\t\t<div class=\"premium-blog-content-inner-wrapper\">\n\t\t<p class=\"premium-blog-post-content\">Die C\u00f4te de Granit Rose im D\u00e9partement C\u00f4tes-d'Armor in der Bretagne ist ein Traumziel f\u00fcr Surfer und ...<\/p>\t\t<\/div>\n\t\t\t\t\t\t\t\n\t\t\t\t<\/div>\n\t\t\t<\/div>\n\t\t<\/div>\n\n\t\t\t\t<div class=\"premium-blog-post-outer-container\" data-total=\"2\">\n\t\t\t<div class=\"premium-blog-post-container premium-blog-skin-modern\">\n\t\t\t\t\t\t\t\t\t<div class=\"premium-blog-thumb-effect-wrapper\">\n\t\t\t\t\t\t<div class=\"premium-blog-thumbnail-container premium-blog-zoomin-effect\">\n\t\t\t\t\t\t\t\t\t\t\t<a href=\"https:\/\/lamaisontrebeurden.fr\/de\/decouvrez-la-ville-de-trebeurden-en-cotes-darmor-bretagne\/\" target=\"_blank\">\n\t\t\t\t<img loading=\"lazy\" decoding=\"async\" width=\"1280\" height=\"801\" src=\"https:\/\/lamaisontrebeurden.fr\/wp-content\/uploads\/2024\/10\/Plage-de-Trebeurden.webp\" class=\"attachment-full size-full wp-image-7293\" alt=\"plage de Tr\u00e9beurden en Bretagne\" srcset=\"https:\/\/lamaisontrebeurden.fr\/wp-content\/uploads\/2024\/10\/Plage-de-Trebeurden.webp 1280w, https:\/\/lamaisontrebeurden.fr\/wp-content\/uploads\/2024\/10\/Plage-de-Trebeurden-300x188.webp 300w, https:\/\/lamaisontrebeurden.fr\/wp-content\/uploads\/2024\/10\/Plage-de-Trebeurden-1024x641.webp 1024w, https:\/\/lamaisontrebeurden.fr\/wp-content\/uploads\/2024\/10\/Plage-de-Trebeurden-768x481.webp 768w, https:\/\/lamaisontrebeurden.fr\/wp-content\/uploads\/2024\/10\/Plage-de-Trebeurden-18x12.webp 18w, https:\/\/lamaisontrebeurden.fr\/wp-content\/uploads\/2024\/10\/Plage-de-Trebeurden-350x219.jpg 350w\" sizes=\"(max-width: 706px) 89vw, (max-width: 767px) 82vw, 740px\" \/>\t\t\t\t<\/a>\n\t\t\t\t\t\t\t\t\t\t<\/div>\n\t\t\t\t\t\t\t\t\t\t\t\t\t<div class=\"premium-blog-effect-container premium-blog-framed-effect\">\n\t\t\t\t\t\t\t\t<a class=\"premium-blog-post-link\" href=\"https:\/\/lamaisontrebeurden.fr\/de\/decouvrez-la-ville-de-trebeurden-en-cotes-darmor-bretagne\/\" target=\"_blank\"><span>Entdecken Sie die Stadt Tr\u00e9beurden in C\u00f4tes d'Armor (Bretagne)<\/span><\/a>\n\t\t\t\t\t\t\t\t\t\t\t\t\t\t\t<\/div>\n\t\t\t\t\t\t\t\t\t\t\t<\/div>\n\t\t\t\t\t\t\t\t\t\t\t\t<div class=\"premium-blog-content-wrapper\">\n\n\t\t\t\t\t<div class=\"premium-blog-inner-container\">\n\n\t\t\t\t\t\t\t\t\t\t\t\t\t\t<h2 class=\"premium-blog-entry-title\">\n\t\t\t<a href=\"https:\/\/lamaisontrebeurden.fr\/de\/decouvrez-la-ville-de-trebeurden-en-cotes-darmor-bretagne\/\" target=\"_blank\">\n\t\t\t\tEntdecken Sie die Stadt Tr\u00e9beurden in C\u00f4tes d'Armor (Bretagne)\t\t\t<\/a>\n\t\t<\/h2>\n\t\t\t\t<div class=\"premium-blog-entry-meta\">\n\t\t\t\n\t\t\t\n\t\t\t\n\t\t\t\t\t<\/div>\n\t\t\n\t\t\t\t\t<\/div>\n\n\t\t\t\t\t\t\t<div class=\"premium-blog-content-inner-wrapper\">\n\t\t<p class=\"premium-blog-post-content\">Tr\u00e9beurden, das f\u00fcr seine gro\u00dfartigen Landschaften und seine spektakul\u00e4re K\u00fcste bekannt ist, ist eine charmante Gemeinde in der Bretagne im Departement C\u00f4tes-d'Armor. ...<\/p>\t\t<\/div>\n\t\t\t\t\t\t\t\n\t\t\t\t<\/div>\n\t\t\t<\/div>\n\t\t<\/div>\n\n\t\t\t\t\t\t\t<\/div>\n\n\t\t\n\t\t\n\t\t\t\t\t\t<\/div>\n\t\t\t\t<\/article>\n\t\t<div class=\"elementor-element elementor-element-6dac689 e-con-full e-flex e-con e-parent\" data-id=\"6dac689\" data-element_type=\"container\" data-e-type=\"container\">\n\t\t<div class=\"elementor-element elementor-element-f1c59a2 e-con-full e-flex e-con e-child\" data-id=\"f1c59a2\" data-element_type=\"container\" data-e-type=\"container\">\n\t\t\t\t<div class=\"elementor-element elementor-element-a62e7db elementor-widget elementor-widget-text-editor\" data-id=\"a62e7db\" data-element_type=\"widget\" data-e-type=\"widget\" data-widget_type=\"text-editor.default\">\n\t\t\t\t\t\t\t\t\tApril 16, 2026 03:09\t\t\t\t\t\t\t\t<\/div>\n\t\t\t\t<div class=\"elementor-element elementor-element-43c98a2 e-grid-align-right e-grid-align-mobile-center elementor-shape-rounded elementor-grid-0 elementor-widget elementor-widget-social-icons\" data-id=\"43c98a2\" data-element_type=\"widget\" data-e-type=\"widget\" data-widget_type=\"social-icons.default\">\n\t\t\t\t\t\t\t<div class=\"elementor-social-icons-wrapper elementor-grid\" role=\"list\">\n\t\t\t\t\t\t\t<span class=\"elementor-grid-item\" role=\"listitem\">\n\t\t\t\t\t<a class=\"elementor-icon elementor-social-icon elementor-social-icon-facebook-f elementor-animation-push elementor-repeater-item-2ffba9f\" href=\"https:\/\/www.facebook.com\/share\/19VG6vc8YY\/?mibextid=LQQJ4d\" target=\"_blank\" rel=\"noopener\">\n\t\t\t\t\t\t<span class=\"elementor-screen-only\">Facebook-f<\/span>\n\t\t\t\t\t\t<svg aria-hidden=\"true\" class=\"e-font-icon-svg e-fab-facebook-f\" viewbox=\"0 0 320 512\" xmlns=\"http:\/\/www.w3.org\/2000\/svg\"><path d=\"M279.14 288l14.22-92.66h-88.91v-60.13c0-25.35 12.42-50.06 52.24-50.06h40.42V6.26S260.43 0 225.36 0c-73.22 0-121.08 44.38-121.08 124.72v70.62H22.89V288h81.39v224h100.17V288z\"><\/path><\/svg>\t\t\t\t\t<\/a>\n\t\t\t\t<\/span>\n\t\t\t\t\t\t\t<span class=\"elementor-grid-item\" role=\"listitem\">\n\t\t\t\t\t<a class=\"elementor-icon elementor-social-icon elementor-social-icon-linkedin-in elementor-animation-push elementor-repeater-item-ba71140\" href=\"https:\/\/www.linkedin.com\/company\/h%C3%B4tel-la-maison-tr%C3%A9beurden\/\" target=\"_blank\" rel=\"noopener\">\n\t\t\t\t\t\t<span class=\"elementor-screen-only\">Linkedin-in<\/span>\n\t\t\t\t\t\t<svg aria-hidden=\"true\" class=\"e-font-icon-svg e-fab-linkedin-in\" viewbox=\"0 0 448 512\" xmlns=\"http:\/\/www.w3.org\/2000\/svg\"><path d=\"M100.28 448H7.4V148.9h92.88zM53.79 108.1C24.09 108.1 0 83.5 0 53.8a53.79 53.79 0 0 1 107.58 0c0 29.7-24.1 54.3-53.79 54.3zM447.9 448h-92.68V302.4c0-34.7-.7-79.2-48.29-79.2-48.29 0-55.69 37.7-55.69 76.7V448h-92.78V148.9h89.08v40.8h1.3c12.4-23.5 42.69-48.3 87.88-48.3 94 0 111.28 61.9 111.28 142.3V448z\"><\/path><\/svg>\t\t\t\t\t<\/a>\n\t\t\t\t<\/span>\n\t\t\t\t\t\t\t<span class=\"elementor-grid-item\" role=\"listitem\">\n\t\t\t\t\t<a class=\"elementor-icon elementor-social-icon elementor-social-icon-instagram elementor-animation-push elementor-repeater-item-ee5d380\" href=\"https:\/\/www.instagram.com\/lamaisontrebeurden\/\" target=\"_blank\" rel=\"noopener\">\n\t\t\t\t\t\t<span class=\"elementor-screen-only\">Instagram<\/span>\n\t\t\t\t\t\t<svg aria-hidden=\"true\" class=\"e-font-icon-svg e-fab-instagram\" viewbox=\"0 0 448 512\" xmlns=\"http:\/\/www.w3.org\/2000\/svg\"><path d=\"M224.1 141c-63.6 0-114.9 51.3-114.9 114.9s51.3 114.9 114.9 114.9S339 319.5 339 255.9 287.7 141 224.1 141zm0 189.6c-41.1 0-74.7-33.5-74.7-74.7s33.5-74.7 74.7-74.7 74.7 33.5 74.7 74.7-33.6 74.7-74.7 74.7zm146.4-194.3c0 14.9-12 26.8-26.8 26.8-14.9 0-26.8-12-26.8-26.8s12-26.8 26.8-26.8 26.8 12 26.8 26.8zm76.1 27.2c-1.7-35.9-9.9-67.7-36.2-93.9-26.2-26.2-58-34.4-93.9-36.2-37-2.1-147.9-2.1-184.9 0-35.8 1.7-67.6 9.9-93.9 36.1s-34.4 58-36.2 93.9c-2.1 37-2.1 147.9 0 184.9 1.7 35.9 9.9 67.7 36.2 93.9s58 34.4 93.9 36.2c37 2.1 147.9 2.1 184.9 0 35.9-1.7 67.7-9.9 93.9-36.2 26.2-26.2 34.4-58 36.2-93.9 2.1-37 2.1-147.8 0-184.8zM398.8 388c-7.8 19.6-22.9 34.7-42.6 42.6-29.5 11.7-99.5 9-132.1 9s-102.7 2.6-132.1-9c-19.6-7.8-34.7-22.9-42.6-42.6-11.7-29.5-9-99.5-9-132.1s-2.6-102.7 9-132.1c7.8-19.6 22.9-34.7 42.6-42.6 29.5-11.7 99.5-9 132.1-9s102.7-2.6 132.1 9c19.6 7.8 34.7 22.9 42.6 42.6 11.7 29.5 9 99.5 9 132.1s2.7 102.7-9 132.1z\"><\/path><\/svg>\t\t\t\t\t<\/a>\n\t\t\t\t<\/span>\n\t\t\t\t\t<\/div>\n\t\t\t\t\t\t<\/div>\n\t\t\t\t<\/div>\n\t\t\t\t<\/div>\n\t\t\t\t<\/div>","protected":false},"excerpt":{"rendered":"<p>Was kann man in der Bretagne tun, wenn es regnet? Unsere Ideen in Richtung Tr\u00e9beurden. Was kann man in der Bretagne tun, wenn es regnet? Unsere Ideen in Tr\u00e9beurden. Die Bretagne bietet herrliche Landschaften, selbst wenn der Himmel grau ist und der Regen einsetzt. F\u00fcr Besucher, die sich in ... Wundersch\u00f6ne Rosa Granitk\u00fcste in der Bretagne Eingebettet ... <\/p>\n<p class=\"link-more\"><a href=\"https:\/\/lamaisontrebeurden.fr\/de\/decouvrez-la-ville-de-trebeurden-en-cotes-darmor-bretagne\/\" class=\"more-link\"><span class=\"screen-reader-text\">\"Entdecke die Stadt Tr\u00e9beurden in C\u00f4tes d'Armor (Bretagne)\" <\/span>weiterlesen<\/a><\/p>","protected":false},"author":1,"featured_media":0,"parent":0,"menu_order":0,"comment_status":"closed","ping_status":"closed","template":"","meta":{"footnotes":""},"class_list":["post-4827","page","type-page","status-publish","hentry"],"jetpack_sharing_enabled":true,"_links":{"self":[{"href":"https:\/\/lamaisontrebeurden.fr\/de\/wp-json\/wp\/v2\/pages\/4827","targetHints":{"allow":["GET"]}}],"collection":[{"href":"https:\/\/lamaisontrebeurden.fr\/de\/wp-json\/wp\/v2\/pages"}],"about":[{"href":"https:\/\/lamaisontrebeurden.fr\/de\/wp-json\/wp\/v2\/types\/page"}],"author":[{"embeddable":true,"href":"https:\/\/lamaisontrebeurden.fr\/de\/wp-json\/wp\/v2\/users\/1"}],"replies":[{"embeddable":true,"href":"https:\/\/lamaisontrebeurden.fr\/de\/wp-json\/wp\/v2\/comments?post=4827"}],"version-history":[{"count":3,"href":"https:\/\/lamaisontrebeurden.fr\/de\/wp-json\/wp\/v2\/pages\/4827\/revisions"}],"predecessor-version":[{"id":8239,"href":"https:\/\/lamaisontrebeurden.fr\/de\/wp-json\/wp\/v2\/pages\/4827\/revisions\/8239"}],"wp:attachment":[{"href":"https:\/\/lamaisontrebeurden.fr\/de\/wp-json\/wp\/v2\/media?parent=4827"}],"curies":[{"name":"wp","href":"https:\/\/api.w.org\/{rel}","templated":true}]}}