{"id":7006,"date":"2024-11-20T15:05:30","date_gmt":"2024-11-20T15:05:30","guid":{"rendered":"https:\/\/lamaisontrebeurden.fr\/?post_type=product&#038;p=7006"},"modified":"2024-11-30T10:11:52","modified_gmt":"2024-11-30T10:11:52","slug":"dodo-toucan-mini-grigri-aventure","status":"publish","type":"product","link":"https:\/\/lamaisontrebeurden.fr\/de\/product\/dodo-toucan-mini-grigri-aventure\/","title":{"rendered":"Dodo Toucan - Mini-Abenteuer-Grigri"},"content":{"rendered":"<p>Mini Grigri \"Abenteuer\", aus Steingut.<\/p>\n<p>Es ist ein kleiner Gl\u00fccksbringer.<br \/>\nHandmodelliert und handbemalt in den Pariser Werkst\u00e4tten von Dodo toucan ist jedes Mini-Abenteuer-Grigri ein Unikat.<\/p>\n<p>F\u00fcr alle, die von kleinen oder gro\u00dfen Abenteuern tr\u00e4umen! Gro\u00dfe Luftsch\u00e4chte, Erfahrungen und Unvorhergesehenes oder einfach nur ein bisschen W\u00fcrze im Alltag... dieses Grigri ist der Komplize f\u00fcr ein Leben voller \u00dcberraschungen.<\/p>\n<p>H\u00f6he: 2,5 cm<\/p>","protected":false},"excerpt":{"rendered":"<p>Mini grigri \u201caventure\u201d, en fa\u00efence. C\u2019est un petit grigri porte-bonheur. Model\u00e9 et peint \u00e0 la main dans les ateliers parisiens Dodo toucan, chaque mini grigri \u201caventure\u201d est unique. Pour ceux qui r\u00eavent d\u2019aventures, petit ou grande ! Grands bols d\u2019air, exp\u00e9riences et impr\u00e9vus ou juste un peu de piment dans le quotidien\u2026 ce grigri est &hellip; <\/p>\n<p class=\"link-more\"><a href=\"https:\/\/lamaisontrebeurden.fr\/de\/product\/dodo-toucan-mini-grigri-aventure\/\" class=\"more-link\"><span class=\"screen-reader-text\">\u201eDodo Toucan &#8211; Mini grigri &#8220;aventure&#8221;\u201c <\/span>weiterlesen<\/a><\/p>","protected":false},"featured_media":7000,"template":"","meta":[],"product_brand":[],"product_cat":[31],"product_tag":[],"class_list":{"0":"post-7006","1":"product","2":"type-product","3":"status-publish","4":"has-post-thumbnail","6":"product_cat-lifestyle","8":"first","9":"instock","10":"taxable","11":"shipping-taxable","12":"purchasable","13":"product-type-simple"},"jetpack_sharing_enabled":true,"_links":{"self":[{"href":"https:\/\/lamaisontrebeurden.fr\/de\/wp-json\/wp\/v2\/product\/7006","targetHints":{"allow":["GET"]}}],"collection":[{"href":"https:\/\/lamaisontrebeurden.fr\/de\/wp-json\/wp\/v2\/product"}],"about":[{"href":"https:\/\/lamaisontrebeurden.fr\/de\/wp-json\/wp\/v2\/types\/product"}],"version-history":[{"count":2,"href":"https:\/\/lamaisontrebeurden.fr\/de\/wp-json\/wp\/v2\/product\/7006\/revisions"}],"predecessor-version":[{"id":7222,"href":"https:\/\/lamaisontrebeurden.fr\/de\/wp-json\/wp\/v2\/product\/7006\/revisions\/7222"}],"wp:featuredmedia":[{"embeddable":true,"href":"https:\/\/lamaisontrebeurden.fr\/de\/wp-json\/wp\/v2\/media\/7000"}],"wp:attachment":[{"href":"https:\/\/lamaisontrebeurden.fr\/de\/wp-json\/wp\/v2\/media?parent=7006"}],"wp:term":[{"taxonomy":"product_brand","embeddable":true,"href":"https:\/\/lamaisontrebeurden.fr\/de\/wp-json\/wp\/v2\/product_brand?post=7006"},{"taxonomy":"product_cat","embeddable":true,"href":"https:\/\/lamaisontrebeurden.fr\/de\/wp-json\/wp\/v2\/product_cat?post=7006"},{"taxonomy":"product_tag","embeddable":true,"href":"https:\/\/lamaisontrebeurden.fr\/de\/wp-json\/wp\/v2\/product_tag?post=7006"}],"curies":[{"name":"wp","href":"https:\/\/api.w.org\/{rel}","templated":true}]}}