{"id":7011,"date":"2024-11-20T15:20:43","date_gmt":"2024-11-20T15:20:43","guid":{"rendered":"https:\/\/lamaisontrebeurden.fr\/?post_type=product&#038;p=7011"},"modified":"2024-11-30T10:10:14","modified_gmt":"2024-11-30T10:10:14","slug":"dodo-toucan-mini-grigri-reve","status":"publish","type":"product","link":"https:\/\/lamaisontrebeurden.fr\/de\/product\/dodo-toucan-mini-grigri-reve\/","title":{"rendered":"Dodo Toucan - Mini-Schnurrbart \"R\u00eave\" (Traum)"},"content":{"rendered":"<p>Mini Grigri \"Traum\", aus Steingut.<\/p>\n<p>Es ist ein kleiner Gl\u00fccksbringer-Grigri. Handmodelliert und handbemalt in den Pariser Werkst\u00e4tten Dodo toucan, ist jedes Mini Grigri \"Traum\" ein Unikat.<\/p>\n<p>Begleiter in den Farben des Abends, um in aller Ruhe in die Tr\u00e4ume zu gleiten. Dieser Traum-Grigri hilft dir, deine k\u00fchnsten Tr\u00e4ume wahr werden zu lassen und dann beruhigt einzuschlafen.<\/p>\n<p>H\u00f6he: ca. 2,5 cm<\/p>","protected":false},"excerpt":{"rendered":"<p>Mini grigri \u201cr\u00eave\u201d, en fa\u00efence. C\u2019est un petit grigri porte-bonheur. Model\u00e9 et peint \u00e0 la main dans les ateliers parisiens Dodo toucan, chaque mini grigri \u201cr\u00eave\u201d est unique. Compagnon aux couleurs du soir, pour glisser en toute s\u00e9r\u00e9nit\u00e9 vers les songes. Ce grigri \u201cr\u00eave\u201d vous aide \u00e0 r\u00e9aliser vos r\u00eaves les plus fous, puis \u00e0 &hellip; <\/p>\n<p class=\"link-more\"><a href=\"https:\/\/lamaisontrebeurden.fr\/de\/product\/dodo-toucan-mini-grigri-reve\/\" class=\"more-link\"><span class=\"screen-reader-text\">\u201eDodo Toucan &#8211; Mini grigri &#8220;R\u00eave&#8221;\u201c <\/span>weiterlesen<\/a><\/p>","protected":false},"featured_media":7001,"template":"","meta":[],"product_brand":[],"product_cat":[31],"product_tag":[],"class_list":{"0":"post-7011","1":"product","2":"type-product","3":"status-publish","4":"has-post-thumbnail","6":"product_cat-lifestyle","8":"first","9":"instock","10":"taxable","11":"shipping-taxable","12":"purchasable","13":"product-type-simple"},"jetpack_sharing_enabled":true,"_links":{"self":[{"href":"https:\/\/lamaisontrebeurden.fr\/de\/wp-json\/wp\/v2\/product\/7011","targetHints":{"allow":["GET"]}}],"collection":[{"href":"https:\/\/lamaisontrebeurden.fr\/de\/wp-json\/wp\/v2\/product"}],"about":[{"href":"https:\/\/lamaisontrebeurden.fr\/de\/wp-json\/wp\/v2\/types\/product"}],"version-history":[{"count":2,"href":"https:\/\/lamaisontrebeurden.fr\/de\/wp-json\/wp\/v2\/product\/7011\/revisions"}],"predecessor-version":[{"id":7220,"href":"https:\/\/lamaisontrebeurden.fr\/de\/wp-json\/wp\/v2\/product\/7011\/revisions\/7220"}],"wp:featuredmedia":[{"embeddable":true,"href":"https:\/\/lamaisontrebeurden.fr\/de\/wp-json\/wp\/v2\/media\/7001"}],"wp:attachment":[{"href":"https:\/\/lamaisontrebeurden.fr\/de\/wp-json\/wp\/v2\/media?parent=7011"}],"wp:term":[{"taxonomy":"product_brand","embeddable":true,"href":"https:\/\/lamaisontrebeurden.fr\/de\/wp-json\/wp\/v2\/product_brand?post=7011"},{"taxonomy":"product_cat","embeddable":true,"href":"https:\/\/lamaisontrebeurden.fr\/de\/wp-json\/wp\/v2\/product_cat?post=7011"},{"taxonomy":"product_tag","embeddable":true,"href":"https:\/\/lamaisontrebeurden.fr\/de\/wp-json\/wp\/v2\/product_tag?post=7011"}],"curies":[{"name":"wp","href":"https:\/\/api.w.org\/{rel}","templated":true}]}}