{"id":7028,"date":"2024-11-20T15:54:48","date_gmt":"2024-11-20T15:54:48","guid":{"rendered":"https:\/\/lamaisontrebeurden.fr\/?post_type=product&#038;p=7028"},"modified":"2024-11-30T10:08:51","modified_gmt":"2024-11-30T10:08:51","slug":"bateau-en-bois-tirot-le-bachi-bleu-marine-2","status":"publish","type":"product","link":"https:\/\/lamaisontrebeurden.fr\/de\/product\/bateau-en-bois-tirot-le-bachi-bleu-marine-2\/","title":{"rendered":"Holzboot Tirot - \"Le Bachi\" Marineblau"},"content":{"rendered":"<p>Das Spielzeugboot \"Bachi\" ist der ideale Begleiter beim Baden Ihrer Kinder!<\/p>\n<p>Hergestellt aus Massivholz, das aus bretonischen W\u00e4ldern stammt, wird dieses Spielzeug die Jahre und die Begeisterung der Kleinsten \u00fcberdauern \ud83d\ude42 .<\/p>\n<p>Seine Form ist von den Thunfischf\u00e4ngern inspiriert, den Fischerbooten von fr\u00fcher, mit denen unsere Altvorderen.... die gro\u00dfen Fische fingen!<\/p>\n<hr \/>\n<p>Bretonisches Kunsthandwerk<br \/>\n\ud83c\udf33 Massivholz (Buche)<br \/>\n\ud83c\udf0d Lokale Versorgung<br \/>\n\ud83d\udca6 Entwickelt f\u00fcr die Verwendung im Wasser<\/p>","protected":false},"excerpt":{"rendered":"<p>Das Spielzeugboot \u201cBachi\u201d ist der ideale Begleiter beim Baden Ihrer Kinder! Hergestellt aus massivem Holz, das aus bretonischen W\u00e4ldern stammt, wird dieses Spielzeug die Jahre und die Begeisterung der Kleinsten \u00fcberdauern \ud83d\ude42 Seine Form ist von den Thunfischbooten inspiriert, den Fischerbooten von fr\u00fcher, mit denen unsere Alten.... die gro\u00dfen Fische fischten! Kunsthandwerk ... <\/p>\n<p class=\"link-more\"><a href=\"https:\/\/lamaisontrebeurden.fr\/de\/product\/bateau-en-bois-tirot-le-bachi-bleu-marine-2\/\" class=\"more-link\"><span class=\"screen-reader-text\">\u201eBateau en bois Tirot &#8211;  &#8220;Le Bachi&#8221; Bleu Marine\u201c <\/span>weiterlesen<\/a><\/p>","protected":false},"featured_media":7017,"template":"","meta":[],"product_brand":[],"product_cat":[177,186],"product_tag":[],"class_list":{"0":"post-7028","1":"product","2":"type-product","3":"status-publish","4":"has-post-thumbnail","6":"product_cat-deco","7":"product_cat-jouet","8":"product_shipping_class-1kg","10":"first","11":"instock","12":"taxable","13":"shipping-taxable","14":"purchasable","15":"product-type-simple"},"jetpack_sharing_enabled":true,"_links":{"self":[{"href":"https:\/\/lamaisontrebeurden.fr\/de\/wp-json\/wp\/v2\/product\/7028","targetHints":{"allow":["GET"]}}],"collection":[{"href":"https:\/\/lamaisontrebeurden.fr\/de\/wp-json\/wp\/v2\/product"}],"about":[{"href":"https:\/\/lamaisontrebeurden.fr\/de\/wp-json\/wp\/v2\/types\/product"}],"version-history":[{"count":2,"href":"https:\/\/lamaisontrebeurden.fr\/de\/wp-json\/wp\/v2\/product\/7028\/revisions"}],"predecessor-version":[{"id":7217,"href":"https:\/\/lamaisontrebeurden.fr\/de\/wp-json\/wp\/v2\/product\/7028\/revisions\/7217"}],"wp:featuredmedia":[{"embeddable":true,"href":"https:\/\/lamaisontrebeurden.fr\/de\/wp-json\/wp\/v2\/media\/7017"}],"wp:attachment":[{"href":"https:\/\/lamaisontrebeurden.fr\/de\/wp-json\/wp\/v2\/media?parent=7028"}],"wp:term":[{"taxonomy":"product_brand","embeddable":true,"href":"https:\/\/lamaisontrebeurden.fr\/de\/wp-json\/wp\/v2\/product_brand?post=7028"},{"taxonomy":"product_cat","embeddable":true,"href":"https:\/\/lamaisontrebeurden.fr\/de\/wp-json\/wp\/v2\/product_cat?post=7028"},{"taxonomy":"product_tag","embeddable":true,"href":"https:\/\/lamaisontrebeurden.fr\/de\/wp-json\/wp\/v2\/product_tag?post=7028"}],"curies":[{"name":"wp","href":"https:\/\/api.w.org\/{rel}","templated":true}]}}