{"id":7044,"date":"2024-11-20T17:33:54","date_gmt":"2024-11-20T17:33:54","guid":{"rendered":"https:\/\/lamaisontrebeurden.fr\/?post_type=product&#038;p=7044"},"modified":"2024-11-30T10:04:23","modified_gmt":"2024-11-30T10:04:23","slug":"bateau-en-bois-tirot-le-misainier","status":"publish","type":"product","link":"https:\/\/lamaisontrebeurden.fr\/de\/product\/bateau-en-bois-tirot-le-misainier\/","title":{"rendered":"Holzschiff Tirot - \"Le Misainier\" (Der Seefahrer)"},"content":{"rendered":"<p>Das Spielzeugschiff \"Misainier\" ist der ideale Begleiter f\u00fcr die B\u00e4der Ihrer Kinder!<\/p>\n<p>Hergestellt aus Massivholz, das aus bretonischen W\u00e4ldern stammt, wird dieses Spielzeug die Jahre und die Begeisterung der Kleinsten \u00fcberdauern \ud83d\ude42 .<\/p>\n<p>Seine Form ist den Fischerbooten von fr\u00fcher nachempfunden, mit denen unsere Altvorderen.... gro\u00dfe Fische gefangen haben!<\/p>\n<hr \/>\n<p>Bretonisches Kunsthandwerk<br \/>\n\ud83c\udf33 Massivholz (Buche)<br \/>\n\ud83c\udf0d Lokale Versorgung<br \/>\n\ud83d\udca6 Entwickelt f\u00fcr die Verwendung im Wasser<\/p>","protected":false},"excerpt":{"rendered":"<p>Le bateau-jouet \u201cMisainier\u201d est le compagnon id\u00e9al des bains de vos enfants ! Fabriqu\u00e9 en bois massif, issu des for\u00eats bretonnes, ce jouet r\u00e9sistera aux ann\u00e9es et \u00e0 l\u2019enthousiasme des plus petits \ud83d\ude42 Sa forme est inspir\u00e9 des bateaux de p\u00eache d\u2019autrefois avec lesquels nos anciens p\u00eachaient\u2026. les gros poissons ! Artisanat Breton \ud83c\udf33\u00a0 \u00a0 &hellip; <\/p>\n<p class=\"link-more\"><a href=\"https:\/\/lamaisontrebeurden.fr\/de\/product\/bateau-en-bois-tirot-le-misainier\/\" class=\"more-link\"><span class=\"screen-reader-text\">\u201eBateau en bois Tirot &#8211;  &#8220;Le Misainier&#8221;\u201c <\/span>weiterlesen<\/a><\/p>","protected":false},"featured_media":7022,"template":"","meta":[],"product_brand":[],"product_cat":[177,186],"product_tag":[],"class_list":{"0":"post-7044","1":"product","2":"type-product","3":"status-publish","4":"has-post-thumbnail","6":"product_cat-deco","7":"product_cat-jouet","8":"product_shipping_class-1kg","10":"first","11":"instock","12":"taxable","13":"shipping-taxable","14":"purchasable","15":"product-type-simple"},"jetpack_sharing_enabled":true,"_links":{"self":[{"href":"https:\/\/lamaisontrebeurden.fr\/de\/wp-json\/wp\/v2\/product\/7044","targetHints":{"allow":["GET"]}}],"collection":[{"href":"https:\/\/lamaisontrebeurden.fr\/de\/wp-json\/wp\/v2\/product"}],"about":[{"href":"https:\/\/lamaisontrebeurden.fr\/de\/wp-json\/wp\/v2\/types\/product"}],"version-history":[{"count":2,"href":"https:\/\/lamaisontrebeurden.fr\/de\/wp-json\/wp\/v2\/product\/7044\/revisions"}],"predecessor-version":[{"id":7210,"href":"https:\/\/lamaisontrebeurden.fr\/de\/wp-json\/wp\/v2\/product\/7044\/revisions\/7210"}],"wp:featuredmedia":[{"embeddable":true,"href":"https:\/\/lamaisontrebeurden.fr\/de\/wp-json\/wp\/v2\/media\/7022"}],"wp:attachment":[{"href":"https:\/\/lamaisontrebeurden.fr\/de\/wp-json\/wp\/v2\/media?parent=7044"}],"wp:term":[{"taxonomy":"product_brand","embeddable":true,"href":"https:\/\/lamaisontrebeurden.fr\/de\/wp-json\/wp\/v2\/product_brand?post=7044"},{"taxonomy":"product_cat","embeddable":true,"href":"https:\/\/lamaisontrebeurden.fr\/de\/wp-json\/wp\/v2\/product_cat?post=7044"},{"taxonomy":"product_tag","embeddable":true,"href":"https:\/\/lamaisontrebeurden.fr\/de\/wp-json\/wp\/v2\/product_tag?post=7044"}],"curies":[{"name":"wp","href":"https:\/\/api.w.org\/{rel}","templated":true}]}}