{"id":7072,"date":"2024-11-20T18:15:14","date_gmt":"2024-11-20T18:15:14","guid":{"rendered":"https:\/\/lamaisontrebeurden.fr\/?post_type=product&#038;p=7072"},"modified":"2026-01-03T10:18:17","modified_gmt":"2026-01-03T10:18:17","slug":"bracelet-carre-de-trefle-chatain","status":"publish","type":"product","link":"https:\/\/lamaisontrebeurden.fr\/de\/product\/bracelet-carre-de-trefle-chatain\/","title":{"rendered":"Armband \"Kleeblattquadrat\" kastanienbraun"},"content":{"rendered":"<p style=\"font-weight: 400;\"><b><strong>Kleeblatt auf Medaillon als Armband mit einem Band aus gewachster Baumwolle in einer Farbe nach Wahl.<\/strong><\/b><\/p>\n<p style=\"font-weight: 400;\">Ein ganz junges, verg\u00e4ngliches Kleeblatt in handgegossenem Epoxidharz auf einer 20 mm gro\u00dfen Scheibe als Armband an einer gewachsten Kordel, die durch einen doppelten Gleitknoten verstellbar ist.<\/p>\n<p style=\"font-weight: 400;\">Pr\u00e4sentiert in einem Kristallbeutel mit Echtheitszertifikat.<\/p>\n<p style=\"font-weight: 400;\">In Frankreich hergestelltes Produkt.<\/p>\n<p style=\"font-weight: 400;\"><em>Wir empfehlen Ihnen, unseren Schmuck nicht unter Wasser zu tragen, um seine Langlebigkeit sowie die Transparenz des Harzes zu gew\u00e4hrleisten.<\/em><\/p>","protected":false},"excerpt":{"rendered":"<p>Kleeblatt auf Medaillon als Armband mit einem gewachsten Baumwollband in einer Farbe nach Wahl. Ein ganz junges, verg\u00e4ngliches Kleeblatt in handgegossenem Epoxydharz auf einem 20 mm gro\u00dfen Pl\u00e4ttchen als Armband an einer gewachsten Kordel, die durch einen doppelten Gleitknoten verstellbar ist. Verpackt in einem Kristallbeutel mit Echtheitszertifikat. Hergestellt in ... <\/p>\n<p class=\"link-more\"><a href=\"https:\/\/lamaisontrebeurden.fr\/de\/product\/bracelet-carre-de-trefle-chatain\/\" class=\"more-link\"><span class=\"screen-reader-text\">\u201earmband \u201ckleeblatt\u201d katzenbraun\u201c <\/span>weiterlesen<\/a><\/p>","protected":false},"featured_media":7066,"template":"","meta":[],"product_brand":[],"product_cat":[31],"product_tag":[],"class_list":{"0":"post-7072","1":"product","2":"type-product","3":"status-publish","4":"has-post-thumbnail","6":"product_cat-lifestyle","7":"product_shipping_class-1kg","9":"first","10":"outofstock","11":"taxable","12":"shipping-taxable","13":"purchasable","14":"product-type-simple"},"jetpack_sharing_enabled":true,"_links":{"self":[{"href":"https:\/\/lamaisontrebeurden.fr\/de\/wp-json\/wp\/v2\/product\/7072","targetHints":{"allow":["GET"]}}],"collection":[{"href":"https:\/\/lamaisontrebeurden.fr\/de\/wp-json\/wp\/v2\/product"}],"about":[{"href":"https:\/\/lamaisontrebeurden.fr\/de\/wp-json\/wp\/v2\/types\/product"}],"version-history":[{"count":1,"href":"https:\/\/lamaisontrebeurden.fr\/de\/wp-json\/wp\/v2\/product\/7072\/revisions"}],"predecessor-version":[{"id":7073,"href":"https:\/\/lamaisontrebeurden.fr\/de\/wp-json\/wp\/v2\/product\/7072\/revisions\/7073"}],"wp:featuredmedia":[{"embeddable":true,"href":"https:\/\/lamaisontrebeurden.fr\/de\/wp-json\/wp\/v2\/media\/7066"}],"wp:attachment":[{"href":"https:\/\/lamaisontrebeurden.fr\/de\/wp-json\/wp\/v2\/media?parent=7072"}],"wp:term":[{"taxonomy":"product_brand","embeddable":true,"href":"https:\/\/lamaisontrebeurden.fr\/de\/wp-json\/wp\/v2\/product_brand?post=7072"},{"taxonomy":"product_cat","embeddable":true,"href":"https:\/\/lamaisontrebeurden.fr\/de\/wp-json\/wp\/v2\/product_cat?post=7072"},{"taxonomy":"product_tag","embeddable":true,"href":"https:\/\/lamaisontrebeurden.fr\/de\/wp-json\/wp\/v2\/product_tag?post=7072"}],"curies":[{"name":"wp","href":"https:\/\/api.w.org\/{rel}","templated":true}]}}