{"id":7173,"date":"2024-11-28T16:28:58","date_gmt":"2024-11-28T16:28:58","guid":{"rendered":"https:\/\/lamaisontrebeurden.fr\/?post_type=product&#038;p=7173"},"modified":"2024-11-28T17:22:58","modified_gmt":"2024-11-28T17:22:58","slug":"esteban-concentre-de-parfum-ambre","status":"publish","type":"product","link":"https:\/\/lamaisontrebeurden.fr\/de\/product\/esteban-concentre-de-parfum-ambre\/","title":{"rendered":"Esteban Duftkonzentrat- Amber"},"content":{"rendered":"<div class=\"product-collection\">\n<h1><strong>Esteban Duftkonzentrat Bernstein 15 ml<\/strong><\/h1>\n<div class=\"product-actions\">\n<form id=\"add-to-cart-or-refresh\" action=\"https:\/\/www.esteban.fr\/fr\/panier\" method=\"post\" data-nqis=\"nq-product-form\" data-nqid=\"7\">\n<div class=\"product-prices\"><\/div>\n<div id=\"product-description-short\">\n<ul>\n<li>Vielseitig verwendbar (Diffusoren, Duftbrenner)<\/li>\n<li>Sofort duftende Atmosph\u00e4re<\/li>\n<li>Flasche 15 ml<\/li>\n<li>Der Karton unserer Schachteln stammt aus nachhaltig bewirtschafteten W\u00e4ldern und anderen kontrollierten Quellen.<\/li>\n<li>Verpackung und Glas vollst\u00e4ndig recycelbar<\/li>\n<li>Amber-Hesperiden-Duft<\/li>\n<\/ul>\n<\/div>\n<\/form>\n<\/div>\n<\/div>","protected":false},"excerpt":{"rendered":"<p>Esteban Duftkonzentrat Amber 15 ml Vielseitig verwendbar (Diffuser, Duftbrenner) Sofort duftende Atmosph\u00e4re Flakon 15 ml Der Karton unserer Schachteln stammt aus nachhaltig bewirtschafteten W\u00e4ldern und anderen kontrollierten Quellen Verpackung und Glas sind vollst\u00e4ndig recycelbar Amber-Hesperiden-Duft<\/p>","protected":false},"featured_media":7156,"template":"","meta":[],"product_brand":[],"product_cat":[31],"product_tag":[],"class_list":{"0":"post-7173","1":"product","2":"type-product","3":"status-publish","4":"has-post-thumbnail","6":"product_cat-lifestyle","7":"product_shipping_class-1kg","9":"first","10":"instock","11":"taxable","12":"shipping-taxable","13":"purchasable","14":"product-type-simple"},"jetpack_sharing_enabled":true,"_links":{"self":[{"href":"https:\/\/lamaisontrebeurden.fr\/de\/wp-json\/wp\/v2\/product\/7173","targetHints":{"allow":["GET"]}}],"collection":[{"href":"https:\/\/lamaisontrebeurden.fr\/de\/wp-json\/wp\/v2\/product"}],"about":[{"href":"https:\/\/lamaisontrebeurden.fr\/de\/wp-json\/wp\/v2\/types\/product"}],"version-history":[{"count":1,"href":"https:\/\/lamaisontrebeurden.fr\/de\/wp-json\/wp\/v2\/product\/7173\/revisions"}],"predecessor-version":[{"id":7174,"href":"https:\/\/lamaisontrebeurden.fr\/de\/wp-json\/wp\/v2\/product\/7173\/revisions\/7174"}],"wp:featuredmedia":[{"embeddable":true,"href":"https:\/\/lamaisontrebeurden.fr\/de\/wp-json\/wp\/v2\/media\/7156"}],"wp:attachment":[{"href":"https:\/\/lamaisontrebeurden.fr\/de\/wp-json\/wp\/v2\/media?parent=7173"}],"wp:term":[{"taxonomy":"product_brand","embeddable":true,"href":"https:\/\/lamaisontrebeurden.fr\/de\/wp-json\/wp\/v2\/product_brand?post=7173"},{"taxonomy":"product_cat","embeddable":true,"href":"https:\/\/lamaisontrebeurden.fr\/de\/wp-json\/wp\/v2\/product_cat?post=7173"},{"taxonomy":"product_tag","embeddable":true,"href":"https:\/\/lamaisontrebeurden.fr\/de\/wp-json\/wp\/v2\/product_tag?post=7173"}],"curies":[{"name":"wp","href":"https:\/\/api.w.org\/{rel}","templated":true}]}}