{"id":7175,"date":"2024-11-28T16:35:57","date_gmt":"2024-11-28T16:35:57","guid":{"rendered":"https:\/\/lamaisontrebeurden.fr\/?post_type=product&#038;p=7175"},"modified":"2024-11-28T17:23:47","modified_gmt":"2024-11-28T17:23:47","slug":"esteban-recharge-bouquet-ambre","status":"publish","type":"product","link":"https:\/\/lamaisontrebeurden.fr\/de\/product\/esteban-recharge-bouquet-ambre\/","title":{"rendered":"Esteban Nachf\u00fcllpackung Bouquet - Amber (250ml)"},"content":{"rendered":"<div class=\"product-collection\">\n<h1><strong>Esteban Nachf\u00fcllpackung Bouquet Ambre 15 ml<\/strong><\/h1>\n<div class=\"product-actions\">\n<form id=\"add-to-cart-or-refresh\" action=\"https:\/\/www.esteban.fr\/fr\/panier\" method=\"post\" data-nqis=\"nq-product-form\" data-nqid=\"7\">\n<div id=\"product-description-short\">\n<div class=\"product-actions\">\n<div class=\"product-prices\">\u00a0<span style=\"font-size: 1rem;\">\u00a0<\/span><\/div>\n<div id=\"product-description-short\">\n<ul>\n<li>Mit pflanzlichem Alkohol<\/li>\n<li>Die Flasche der Nachf\u00fcllpackung wird aus 100 % recyceltem Kunststoff hergestellt.<\/li>\n<li>Seine Verpackungsmaterialien sind vollst\u00e4ndig recycelbar.<\/li>\n<li>Bis zu 3 Monate Sendezeit<\/li>\n<li>Flasche 250 ml<\/li>\n<li>Amber-Hesperiden-Duft<\/li>\n<\/ul>\n<\/div>\n<\/div>\n<\/div>\n<\/form>\n<\/div>\n<\/div>","protected":false},"excerpt":{"rendered":"<p>Esteban Nachf\u00fcllpackung Bouquet Ambre 15 ml Mit pflanzlichem Alkohol Der Flakon der Nachf\u00fcllpackung ist aus 100 % recyceltem Kunststoff hergestellt Seine Verpackungsmaterialien sind vollst\u00e4ndig recycelbar. Bis zu 3 Monate lang Flakon 250 ml Amber-Hesperiden-Duft<\/p>","protected":false},"featured_media":7157,"template":"","meta":[],"product_brand":[],"product_cat":[31],"product_tag":[],"class_list":{"0":"post-7175","1":"product","2":"type-product","3":"status-publish","4":"has-post-thumbnail","6":"product_cat-lifestyle","7":"product_shipping_class-1kg","9":"first","10":"instock","11":"taxable","12":"shipping-taxable","13":"purchasable","14":"product-type-simple"},"jetpack_sharing_enabled":true,"_links":{"self":[{"href":"https:\/\/lamaisontrebeurden.fr\/de\/wp-json\/wp\/v2\/product\/7175","targetHints":{"allow":["GET"]}}],"collection":[{"href":"https:\/\/lamaisontrebeurden.fr\/de\/wp-json\/wp\/v2\/product"}],"about":[{"href":"https:\/\/lamaisontrebeurden.fr\/de\/wp-json\/wp\/v2\/types\/product"}],"version-history":[{"count":1,"href":"https:\/\/lamaisontrebeurden.fr\/de\/wp-json\/wp\/v2\/product\/7175\/revisions"}],"predecessor-version":[{"id":7176,"href":"https:\/\/lamaisontrebeurden.fr\/de\/wp-json\/wp\/v2\/product\/7175\/revisions\/7176"}],"wp:featuredmedia":[{"embeddable":true,"href":"https:\/\/lamaisontrebeurden.fr\/de\/wp-json\/wp\/v2\/media\/7157"}],"wp:attachment":[{"href":"https:\/\/lamaisontrebeurden.fr\/de\/wp-json\/wp\/v2\/media?parent=7175"}],"wp:term":[{"taxonomy":"product_brand","embeddable":true,"href":"https:\/\/lamaisontrebeurden.fr\/de\/wp-json\/wp\/v2\/product_brand?post=7175"},{"taxonomy":"product_cat","embeddable":true,"href":"https:\/\/lamaisontrebeurden.fr\/de\/wp-json\/wp\/v2\/product_cat?post=7175"},{"taxonomy":"product_tag","embeddable":true,"href":"https:\/\/lamaisontrebeurden.fr\/de\/wp-json\/wp\/v2\/product_tag?post=7175"}],"curies":[{"name":"wp","href":"https:\/\/api.w.org\/{rel}","templated":true}]}}