{"id":7425,"date":"2024-12-20T07:59:02","date_gmt":"2024-12-20T07:59:02","guid":{"rendered":"https:\/\/lamaisontrebeurden.fr\/?post_type=product&#038;p=7425"},"modified":"2025-09-18T09:01:09","modified_gmt":"2025-09-18T09:01:09","slug":"le-gouter-de-la-maison","status":"publish","type":"product","link":"https:\/\/lamaisontrebeurden.fr\/de\/product\/le-gouter-de-la-maison\/","title":{"rendered":"Der Go\u00fbter de La Maison"},"content":{"rendered":"<p>Geschenkgutschein \"Le Go\u00fbter de La Maison\" , f\u00fcr zwei Personen, bestehend aus pro Person :<\/p>\n<ul>\n<li>Ein hausgemachtes Geb\u00e4ck<\/li>\n<li>Ein Hei\u00dfgetr\u00e4nk oder einen Bio-Apfelsaft<\/li>\n<\/ul>\n<p>Auf Reservierung (G\u00fcltig je nach Verf\u00fcgbarkeit)<\/p>\n<p>Entdecken Sie <a title=\"Die Messekarte\" href=\"https:\/\/lamaisontrebeurden.fr\/de\/elementor-page-4572\/\">die Karte der Messe<\/a><\/p>\n<p>&nbsp;<\/p>","protected":false},"excerpt":{"rendered":"<p>Geschenkgutschein \u201cLe Go\u00fbter de La Maison\u201d , f\u00fcr zwei Personen, enth\u00e4lt pro Person: Ein hausgemachtes Geb\u00e4ck Ein hei\u00dfes Getr\u00e4nk oder einen Bio-Apfelsaft Auf Vorbestellung (G\u00fcltig je nach Verf\u00fcgbarkeit) Entdecken Sie die Karte des Salons &nbsp;<\/p>","protected":false},"featured_media":7426,"template":"","meta":[],"product_brand":[],"product_cat":[191],"product_tag":[],"class_list":{"0":"post-7425","1":"product","2":"type-product","3":"status-publish","4":"has-post-thumbnail","6":"product_cat-bon-cadeau","8":"first","9":"instock","10":"taxable","11":"shipping-taxable","12":"purchasable","13":"product-type-simple"},"jetpack_sharing_enabled":true,"_links":{"self":[{"href":"https:\/\/lamaisontrebeurden.fr\/de\/wp-json\/wp\/v2\/product\/7425","targetHints":{"allow":["GET"]}}],"collection":[{"href":"https:\/\/lamaisontrebeurden.fr\/de\/wp-json\/wp\/v2\/product"}],"about":[{"href":"https:\/\/lamaisontrebeurden.fr\/de\/wp-json\/wp\/v2\/types\/product"}],"version-history":[{"count":4,"href":"https:\/\/lamaisontrebeurden.fr\/de\/wp-json\/wp\/v2\/product\/7425\/revisions"}],"predecessor-version":[{"id":7442,"href":"https:\/\/lamaisontrebeurden.fr\/de\/wp-json\/wp\/v2\/product\/7425\/revisions\/7442"}],"wp:featuredmedia":[{"embeddable":true,"href":"https:\/\/lamaisontrebeurden.fr\/de\/wp-json\/wp\/v2\/media\/7426"}],"wp:attachment":[{"href":"https:\/\/lamaisontrebeurden.fr\/de\/wp-json\/wp\/v2\/media?parent=7425"}],"wp:term":[{"taxonomy":"product_brand","embeddable":true,"href":"https:\/\/lamaisontrebeurden.fr\/de\/wp-json\/wp\/v2\/product_brand?post=7425"},{"taxonomy":"product_cat","embeddable":true,"href":"https:\/\/lamaisontrebeurden.fr\/de\/wp-json\/wp\/v2\/product_cat?post=7425"},{"taxonomy":"product_tag","embeddable":true,"href":"https:\/\/lamaisontrebeurden.fr\/de\/wp-json\/wp\/v2\/product_tag?post=7425"}],"curies":[{"name":"wp","href":"https:\/\/api.w.org\/{rel}","templated":true}]}}