{"id":7428,"date":"2024-12-20T08:23:29","date_gmt":"2024-12-20T08:23:29","guid":{"rendered":"https:\/\/lamaisontrebeurden.fr\/?post_type=product&#038;p=7428"},"modified":"2024-12-20T12:40:50","modified_gmt":"2024-12-20T12:40:50","slug":"lapero-de-la-maison","status":"publish","type":"product","link":"https:\/\/lamaisontrebeurden.fr\/de\/product\/lapero-de-la-maison\/","title":{"rendered":"Der Aperitif von La Maison"},"content":{"rendered":"<p>Geschenkgutschein \"L' Ap\u00e9ro de la Maison\" , f\u00fcr zwei Personen, bestehend aus :<\/p>\n<p>Ein hausgemachter Cocktail oder Mocktail pro Person<\/p>\n<p>Ein Brett mit Wurst und K\u00e4se<\/p>\n<p>Auf Reservierung (G\u00fcltig je nach Verf\u00fcgbarkeit)<\/p>\n<p>Entdecken Sie <a title=\"Die Messekarte\" href=\"https:\/\/lamaisontrebeurden.fr\/de\/elementor-page-4572\/\">die Karte der Messe<\/a><\/p>\n<p>&nbsp;<\/p>","protected":false},"excerpt":{"rendered":"<p>Bon cadeau\u00a0 &#8220;L&#8217; Ap\u00e9ro de la Maison&#8221; , pour deux personnes, comprenant : Un cocktail ou Mocktail\u00a0 maison par personne Une\u00a0 planche de charcuterie fromage Sur r\u00e9servation (Valable selon disponibilit\u00e9) D\u00e9couvrez la carte du salon &nbsp;<\/p>","protected":false},"featured_media":7430,"template":"","meta":[],"product_brand":[],"product_cat":[191],"product_tag":[],"class_list":{"0":"post-7428","1":"product","2":"type-product","3":"status-publish","4":"has-post-thumbnail","6":"product_cat-bon-cadeau","8":"first","9":"instock","10":"taxable","11":"shipping-taxable","12":"purchasable","13":"product-type-simple"},"jetpack_sharing_enabled":true,"_links":{"self":[{"href":"https:\/\/lamaisontrebeurden.fr\/de\/wp-json\/wp\/v2\/product\/7428","targetHints":{"allow":["GET"]}}],"collection":[{"href":"https:\/\/lamaisontrebeurden.fr\/de\/wp-json\/wp\/v2\/product"}],"about":[{"href":"https:\/\/lamaisontrebeurden.fr\/de\/wp-json\/wp\/v2\/types\/product"}],"version-history":[{"count":4,"href":"https:\/\/lamaisontrebeurden.fr\/de\/wp-json\/wp\/v2\/product\/7428\/revisions"}],"predecessor-version":[{"id":7441,"href":"https:\/\/lamaisontrebeurden.fr\/de\/wp-json\/wp\/v2\/product\/7428\/revisions\/7441"}],"wp:featuredmedia":[{"embeddable":true,"href":"https:\/\/lamaisontrebeurden.fr\/de\/wp-json\/wp\/v2\/media\/7430"}],"wp:attachment":[{"href":"https:\/\/lamaisontrebeurden.fr\/de\/wp-json\/wp\/v2\/media?parent=7428"}],"wp:term":[{"taxonomy":"product_brand","embeddable":true,"href":"https:\/\/lamaisontrebeurden.fr\/de\/wp-json\/wp\/v2\/product_brand?post=7428"},{"taxonomy":"product_cat","embeddable":true,"href":"https:\/\/lamaisontrebeurden.fr\/de\/wp-json\/wp\/v2\/product_cat?post=7428"},{"taxonomy":"product_tag","embeddable":true,"href":"https:\/\/lamaisontrebeurden.fr\/de\/wp-json\/wp\/v2\/product_tag?post=7428"}],"curies":[{"name":"wp","href":"https:\/\/api.w.org\/{rel}","templated":true}]}}