{"id":7433,"date":"2024-12-20T08:53:48","date_gmt":"2024-12-20T08:53:48","guid":{"rendered":"https:\/\/lamaisontrebeurden.fr\/?post_type=product&#038;p=7433"},"modified":"2025-09-18T09:00:06","modified_gmt":"2025-09-18T09:00:06","slug":"le-petit-dejeuner-de-la-maison","status":"publish","type":"product","link":"https:\/\/lamaisontrebeurden.fr\/de\/product\/le-petit-dejeuner-de-la-maison\/","title":{"rendered":"Das Fr\u00fchst\u00fcck im La Maison"},"content":{"rendered":"<p>Geschenkgutschein \"Le petit d\u00e9jeuner de La Maison\" , f\u00fcr zwei Personen,<\/p>\n<p>im Speisesaal oder in der gem\u00fctlichen Lounge<\/p>\n<p>Fr\u00fchst\u00fccksbuffet bestehend aus :<\/p>\n<p>Hausgemachte Kuchen ( Far breton, bretonischer Kuchen, Madeleines, ...)<\/p>\n<p>Pfannkuchen oder Cr\u00eapes<\/p>\n<p>Brot und Geb\u00e4ck<\/p>\n<p>Wurst, K\u00e4se und hartgekochte Eier<\/p>\n<p>Selbstgemachter Joghurt, overnight chia porridge<\/p>\n<p>Hei\u00dfe Getr\u00e4nke und Fruchts\u00e4fte<\/p>\n<p>Selbstgemachtes Granola<\/p>\n<p>Auf Reservierung (G\u00fcltig je nach Verf\u00fcgbarkeit)<\/p>","protected":false},"excerpt":{"rendered":"<p>Geschenkgutschein \u201cLe petit d\u00e9jeuner de La Maison\u201d , f\u00fcr zwei Personen, im Restaurant oder im gem\u00fctlichen Wohnzimmer Fr\u00fchst\u00fccksbuffet mit: Hausgemachten Kuchen ( far breton, bretonischer Kuchen, Madeleines, ...) Cr\u00eapes oder Pancakes Brot und Geb\u00e4ck Aufschnitt, K\u00e4se und gekochte Eier Hausgemachter Joghurt, overnight chia porridge Hei\u00dfe Getr\u00e4nke und S\u00e4fte ... <\/p>\n<p class=\"link-more\"><a href=\"https:\/\/lamaisontrebeurden.fr\/de\/product\/le-petit-dejeuner-de-la-maison\/\" class=\"more-link\"><span class=\"screen-reader-text\">\"Das Fr\u00fchst\u00fcck im La Maison\" <\/span>weiterlesen<\/a><\/p>","protected":false},"featured_media":7423,"template":"","meta":[],"product_brand":[],"product_cat":[191],"product_tag":[],"class_list":{"0":"post-7433","1":"product","2":"type-product","3":"status-publish","4":"has-post-thumbnail","6":"product_cat-bon-cadeau","8":"first","9":"instock","10":"taxable","11":"shipping-taxable","12":"purchasable","13":"product-type-simple"},"jetpack_sharing_enabled":true,"_links":{"self":[{"href":"https:\/\/lamaisontrebeurden.fr\/de\/wp-json\/wp\/v2\/product\/7433","targetHints":{"allow":["GET"]}}],"collection":[{"href":"https:\/\/lamaisontrebeurden.fr\/de\/wp-json\/wp\/v2\/product"}],"about":[{"href":"https:\/\/lamaisontrebeurden.fr\/de\/wp-json\/wp\/v2\/types\/product"}],"version-history":[{"count":2,"href":"https:\/\/lamaisontrebeurden.fr\/de\/wp-json\/wp\/v2\/product\/7433\/revisions"}],"predecessor-version":[{"id":7437,"href":"https:\/\/lamaisontrebeurden.fr\/de\/wp-json\/wp\/v2\/product\/7433\/revisions\/7437"}],"wp:featuredmedia":[{"embeddable":true,"href":"https:\/\/lamaisontrebeurden.fr\/de\/wp-json\/wp\/v2\/media\/7423"}],"wp:attachment":[{"href":"https:\/\/lamaisontrebeurden.fr\/de\/wp-json\/wp\/v2\/media?parent=7433"}],"wp:term":[{"taxonomy":"product_brand","embeddable":true,"href":"https:\/\/lamaisontrebeurden.fr\/de\/wp-json\/wp\/v2\/product_brand?post=7433"},{"taxonomy":"product_cat","embeddable":true,"href":"https:\/\/lamaisontrebeurden.fr\/de\/wp-json\/wp\/v2\/product_cat?post=7433"},{"taxonomy":"product_tag","embeddable":true,"href":"https:\/\/lamaisontrebeurden.fr\/de\/wp-json\/wp\/v2\/product_tag?post=7433"}],"curies":[{"name":"wp","href":"https:\/\/api.w.org\/{rel}","templated":true}]}}