{"id":4828,"date":"2024-10-26T13:31:08","date_gmt":"2024-10-26T13:31:08","guid":{"rendered":"https:\/\/sitelamaisonmews.live-website.com\/?page_id=4828"},"modified":"2026-03-12T12:38:37","modified_gmt":"2026-03-12T12:38:37","slug":"la-region","status":"publish","type":"page","link":"https:\/\/lamaisontrebeurden.fr\/en\/la-region\/","title":{"rendered":"The region"},"content":{"rendered":"\t\t<div data-elementor-type=\"wp-page\" data-elementor-id=\"4828\" class=\"elementor elementor-4828\" data-elementor-post-type=\"page\">\n\t\t\t\t<div class=\"elementor-element elementor-element-7039618 e-con-full e-flex e-con e-parent\" data-id=\"7039618\" data-element_type=\"container\" data-e-type=\"container\">\n\t\t\t\t<div class=\"elementor-element elementor-element-59f3e03 elementor-widget__width-inherit elementor-widget elementor-widget-image\" data-id=\"59f3e03\" data-element_type=\"widget\" data-e-type=\"widget\" data-widget_type=\"image.default\">\n\t\t\t\t\t\t\t\t\t\t\t\t\t\t\t<img decoding=\"async\" src=\"https:\/\/sitelamaisonmews.live-website.com\/wp-content\/uploads\/2024\/11\/La-Region-1-e1731435163754.webp\" title=\"\" alt=\"La cote de granit rose\" loading=\"lazy\" \/>\t\t\t\t\t\t\t\t\t\t\t\t\t\t\t<\/div>\n\t\t\t\t<\/div>\n\t\t<div class=\"elementor-element elementor-element-579c594 e-flex e-con-boxed e-con e-parent\" data-id=\"579c594\" data-element_type=\"container\" data-e-type=\"container\" data-settings=\"{&quot;background_background&quot;:&quot;classic&quot;}\">\n\t\t\t\t\t<div class=\"e-con-inner\">\n\t\t\t\t<div class=\"elementor-element elementor-element-d131395 e-transform e-transform e-transform elementor-invisible elementor-widget elementor-widget-premium-addon-image-button\" data-id=\"d131395\" data-element_type=\"widget\" data-e-type=\"widget\" data-settings=\"{&quot;_transform_rotateZ_effect&quot;:{&quot;unit&quot;:&quot;px&quot;,&quot;size&quot;:179,&quot;sizes&quot;:[]},&quot;_transform_rotate_3d&quot;:&quot;yes&quot;,&quot;sticky&quot;:&quot;top&quot;,&quot;sticky_offset&quot;:65,&quot;_animation&quot;:&quot;fadeIn&quot;,&quot;sticky_offset_mobile&quot;:65,&quot;sticky_offset_tablet&quot;:65,&quot;sticky_on&quot;:[&quot;desktop&quot;,&quot;tablet&quot;,&quot;mobile&quot;],&quot;sticky_effects_offset&quot;:0,&quot;sticky_anchor_link_offset&quot;:0,&quot;_transform_rotateZ_effect_tablet&quot;:{&quot;unit&quot;:&quot;deg&quot;,&quot;size&quot;:&quot;&quot;,&quot;sizes&quot;:[]},&quot;_transform_rotateZ_effect_mobile&quot;:{&quot;unit&quot;:&quot;deg&quot;,&quot;size&quot;:&quot;&quot;,&quot;sizes&quot;:[]},&quot;_transform_rotateX_effect&quot;:{&quot;unit&quot;:&quot;px&quot;,&quot;size&quot;:&quot;&quot;,&quot;sizes&quot;:[]},&quot;_transform_rotateX_effect_tablet&quot;:{&quot;unit&quot;:&quot;deg&quot;,&quot;size&quot;:&quot;&quot;,&quot;sizes&quot;:[]},&quot;_transform_rotateX_effect_mobile&quot;:{&quot;unit&quot;:&quot;deg&quot;,&quot;size&quot;:&quot;&quot;,&quot;sizes&quot;:[]},&quot;_transform_rotateY_effect&quot;:{&quot;unit&quot;:&quot;px&quot;,&quot;size&quot;:&quot;&quot;,&quot;sizes&quot;:[]},&quot;_transform_rotateY_effect_tablet&quot;:{&quot;unit&quot;:&quot;deg&quot;,&quot;size&quot;:&quot;&quot;,&quot;sizes&quot;:[]},&quot;_transform_rotateY_effect_mobile&quot;:{&quot;unit&quot;:&quot;deg&quot;,&quot;size&quot;:&quot;&quot;,&quot;sizes&quot;:[]},&quot;_transform_perspective_effect&quot;:{&quot;unit&quot;:&quot;px&quot;,&quot;size&quot;:&quot;&quot;,&quot;sizes&quot;:[]},&quot;_transform_perspective_effect_tablet&quot;:{&quot;unit&quot;:&quot;px&quot;,&quot;size&quot;:&quot;&quot;,&quot;sizes&quot;:[]},&quot;_transform_perspective_effect_mobile&quot;:{&quot;unit&quot;:&quot;px&quot;,&quot;size&quot;:&quot;&quot;,&quot;sizes&quot;:[]},&quot;_transform_translateX_effect&quot;:{&quot;unit&quot;:&quot;px&quot;,&quot;size&quot;:&quot;&quot;,&quot;sizes&quot;:[]},&quot;_transform_translateX_effect_tablet&quot;:{&quot;unit&quot;:&quot;px&quot;,&quot;size&quot;:&quot;&quot;,&quot;sizes&quot;:[]},&quot;_transform_translateX_effect_mobile&quot;:{&quot;unit&quot;:&quot;px&quot;,&quot;size&quot;:&quot;&quot;,&quot;sizes&quot;:[]},&quot;_transform_translateY_effect&quot;:{&quot;unit&quot;:&quot;px&quot;,&quot;size&quot;:&quot;&quot;,&quot;sizes&quot;:[]},&quot;_transform_translateY_effect_tablet&quot;:{&quot;unit&quot;:&quot;px&quot;,&quot;size&quot;:&quot;&quot;,&quot;sizes&quot;:[]},&quot;_transform_translateY_effect_mobile&quot;:{&quot;unit&quot;:&quot;px&quot;,&quot;size&quot;:&quot;&quot;,&quot;sizes&quot;:[]},&quot;_transform_skewX_effect&quot;:{&quot;unit&quot;:&quot;px&quot;,&quot;size&quot;:&quot;&quot;,&quot;sizes&quot;:[]},&quot;_transform_skewX_effect_tablet&quot;:{&quot;unit&quot;:&quot;deg&quot;,&quot;size&quot;:&quot;&quot;,&quot;sizes&quot;:[]},&quot;_transform_skewX_effect_mobile&quot;:{&quot;unit&quot;:&quot;deg&quot;,&quot;size&quot;:&quot;&quot;,&quot;sizes&quot;:[]},&quot;_transform_skewY_effect&quot;:{&quot;unit&quot;:&quot;px&quot;,&quot;size&quot;:&quot;&quot;,&quot;sizes&quot;:[]},&quot;_transform_skewY_effect_tablet&quot;:{&quot;unit&quot;:&quot;deg&quot;,&quot;size&quot;:&quot;&quot;,&quot;sizes&quot;:[]},&quot;_transform_skewY_effect_mobile&quot;:{&quot;unit&quot;:&quot;deg&quot;,&quot;size&quot;:&quot;&quot;,&quot;sizes&quot;:[]}}\" data-widget_type=\"premium-addon-image-button.default\">\n\t\t\t\t\t\n\t\t<a class=\"premium-image-button-style4 premium-image-button premium-btn-lg premium-image-button-style4-left\" href=\"https:\/\/app.mews.com\/distributor\/c69a6523-0f71-4521-9bfc-b1e90089cd5d\" target=\"_blank\" rel=\"noopener\">\n\t\t\t<div class=\"premium-image-button-text-icon-wrapper\">\n\n\t\t\t\t\n\t\t\t\t\t\t\t\t\t<span >\n\t\t\t\t\t\tR\u00e9server\t\t\t\t\t<\/span>\n\t\t\t\t\n\t\t\t<\/div>\n\n\t\t\t\t\t\t\t<div class=\"premium-image-button-style4-icon-wrapper left\">\n\t\t\t\t\t\t\t\t\t\t\t<svg aria-hidden=\"true\" class=\"e-font-icon-svg e-far-calendar-plus\" viewBox=\"0 0 448 512\" xmlns=\"http:\/\/www.w3.org\/2000\/svg\"><path d=\"M336 292v24c0 6.6-5.4 12-12 12h-76v76c0 6.6-5.4 12-12 12h-24c-6.6 0-12-5.4-12-12v-76h-76c-6.6 0-12-5.4-12-12v-24c0-6.6 5.4-12 12-12h76v-76c0-6.6 5.4-12 12-12h24c6.6 0 12 5.4 12 12v76h76c6.6 0 12 5.4 12 12zm112-180v352c0 26.5-21.5 48-48 48H48c-26.5 0-48-21.5-48-48V112c0-26.5 21.5-48 48-48h48V12c0-6.6 5.4-12 12-12h40c6.6 0 12 5.4 12 12v52h128V12c0-6.6 5.4-12 12-12h40c6.6 0 12 5.4 12 12v52h48c26.5 0 48 21.5 48 48zm-48 346V160H48v298c0 3.3 2.7 6 6 6h340c3.3 0 6-2.7 6-6z\"><\/path><\/svg>\t\t\t\t<\/div>\n\t\t\t\n\t\t\t\n\t\t\t\n\t\t<\/a>\n\n\t\t\t\t\t\t<\/div>\n\t\t\t\t<div class=\"elementor-element elementor-element-917fa42 premium-header-block elementor-widget__width-initial premium-lq__none premium-box-lq__none elementor-widget elementor-widget-premium-addon-dual-header\" data-id=\"917fa42\" data-element_type=\"widget\" data-e-type=\"widget\" data-widget_type=\"premium-addon-dual-header.default\">\n\t\t\t\t\t\n\t\t<div class=\"elementor-widget-container\">\n\t\t\t\t\t<h1 class=\"premium-dual-header-first-header \"><span class=\"premium-dual-header-first-span\">\u200bTrebeurden et la c\u00f4te de Granit rose <\/span><\/h1> \t\t\t\t<\/div>\n\n\t\t\t\t\t\t<\/div>\n\t\t\t\t<div class=\"elementor-element elementor-element-6601bc4 elementor-widget__width-initial elementor-widget elementor-widget-text-editor\" data-id=\"6601bc4\" data-element_type=\"widget\" data-e-type=\"widget\" data-widget_type=\"text-editor.default\">\n\t\t\t\t\t\t\t\t\t<p><a title=\"\" href=\"https:\/\/www.cotesdarmor.com\/fr\/fiche\/patrimoine-naturel\/pointe-de-bihit-trebeurden_TFOPNABRE0220HA630H\/\" target=\"_blank\" rel=\"noopener\" data-original-title=\"\" data-original-><strong><u>Pointe de Bihit,<\/u><\/strong>\u00a0<\/a>une balade immanquable \u00e0 Tr\u00e9beurden.<br \/>Culminant \u00e0 88 m\u00e8tres, la presqu&#8217;\u00eele de Bihit est un endroit fabuleux pour la promenade ou le pique-nique. C\u2019est un site littoral prot\u00e9g\u00e9, situ\u00e9 entre la\u00a0<a title=\"\" href=\"https:\/\/www.tourismebretagne.com\/offres\/plage-de-tresmeur-trebeurden-fr-1971733\/\" target=\"_blank\" rel=\"noopener\" data-original-title=\"\" data-original-><strong><u>plage de Tresmeur<\/u><\/strong>\u00a0<\/a>et la\u00a0<a title=\"\" href=\"https:\/\/www.bretagne-cotedegranitrose.com\/offres\/plage-de-pors-mabo-trebeurden-fr-2713552\/\" target=\"_blank\" rel=\"noopener\" data-original-title=\"\" data-original-><strong><u>plage de Pors Mabo.<\/u><\/strong>\u00a0<\/a>Couverte d&#8217;ajoncs, de bruy\u00e8res et de foug\u00e8res, l&#8217;endroit donne des airs de bout du monde et offre une vue dominante sur la\u00a0<a title=\"\" href=\"https:\/\/www.alltrails.com\/fr\/randonnee\/france\/cotes-d-armor\/baie-de-lannion-pointe-de-bihit-plage-de-goas-lagorn\" target=\"_blank\" rel=\"noopener\" data-original-title=\"\" data-original-><strong><u>baie de Lannion<\/u><\/strong>\u00a0<\/a>et sur les \u00eeles au large de Tresmeur et sur\u00a0<a title=\"\" href=\"https:\/\/www.iledebatz.com\/\" target=\"_blank\" rel=\"noopener\" data-original-title=\"\" data-original-><strong><u>l&#8217;\u00eele de Batz.<\/u><\/strong>\u00a0<\/a>C\u2019est le spot id\u00e9al pour les couchers de soleil !<br \/><br \/>La balade compl\u00e8te forme une boucle et se fait en 45 minutes. (Ne pas oublier les chaussures de marche). Le d\u00e9part est \u00e0 2km de l\u2019h\u00f4tel et est accessible en 5min de voiture ou 35 min \u00e0 pied.<br \/><br \/><a title=\"\" href=\"https:\/\/www.mongr.fr\/trouver-prochaine-randonnee\/suggestion\/gr-34-de-trebeurden-a-plougasnou\" target=\"_blank\" rel=\"noopener\" data-original-title=\"\" data-original-><strong><u>Le GR 34, de Tr\u00e9beurden<\/u><\/strong>\u00a0<\/a>\u00e0 Perros Guirec.<br \/>Le GR 34 longe les c\u00f4tes bretonnes sur 2 000 kilom\u00e8tres, mais c\u2019est sur la portion comprise entre Ploumanac\u2019h et Perros Guirec, aussi appel\u00e9e sentier des douaniers, que vous pourrez d\u00e9couvrir la partie la plus impressionnante de la c\u00e9l\u00e8bre C\u00f4te de Granit Rose et ses paysages exceptionnels.<\/p><p>Sculpt\u00e9s par la mer et le vent, d\u2019\u00e9normes blocs de granit jalonnent ce sentier mythique, qui ravira promeneurs et randonneurs.<\/p><p>Le sentier du GR 34 peut se rejoindre en quelques minutes depuis l\u2019h\u00f4tel.<\/p>\t\t\t\t\t\t\t\t<\/div>\n\t\t\t\t<div class=\"elementor-element elementor-element-55d7234 elementor-widget elementor-widget-spacer\" data-id=\"55d7234\" data-element_type=\"widget\" data-e-type=\"widget\" data-widget_type=\"spacer.default\">\n\t\t\t\t\t\t\t<div class=\"elementor-spacer\">\n\t\t\t<div class=\"elementor-spacer-inner\"><\/div>\n\t\t<\/div>\n\t\t\t\t\t\t<\/div>\n\t\t\t\t\t<\/div>\n\t\t\t\t<\/div>\n\t\t<div class=\"elementor-element elementor-element-99731c0 e-flex e-con-boxed e-con e-parent\" data-id=\"99731c0\" data-element_type=\"container\" data-e-type=\"container\">\n\t\t\t\t\t<div class=\"e-con-inner\">\n\t\t\t\t<div class=\"elementor-element elementor-element-96fca60 elementor-arrows-position-outside elementor-pagination-position-outside elementor-widget elementor-widget-image-carousel\" data-id=\"96fca60\" data-element_type=\"widget\" data-e-type=\"widget\" data-settings=\"{&quot;navigation&quot;:&quot;both&quot;,&quot;autoplay&quot;:&quot;yes&quot;,&quot;pause_on_hover&quot;:&quot;yes&quot;,&quot;pause_on_interaction&quot;:&quot;yes&quot;,&quot;autoplay_speed&quot;:5000,&quot;infinite&quot;:&quot;yes&quot;,&quot;speed&quot;:500}\" data-widget_type=\"image-carousel.default\">\n\t\t\t\t\t\t\t<div class=\"elementor-image-carousel-wrapper swiper\" role=\"region\" aria-roledescription=\"carousel\" aria-label=\"Image Carousel\" dir=\"ltr\">\n\t\t\t<div class=\"elementor-image-carousel swiper-wrapper\" aria-live=\"off\">\n\t\t\t\t\t\t\t\t<div class=\"swiper-slide\" role=\"group\" aria-roledescription=\"slide\" aria-label=\"1 of 7\"><figure class=\"swiper-slide-inner\"><img decoding=\"async\" class=\"swiper-slide-image\" src=\"https:\/\/lamaisontrebeurden.fr\/wp-content\/uploads\/2024\/10\/Cote-de-granit-rose-1-300x200.webp\" alt=\"Cote de Granit Rose Ploumanach\" \/><\/figure><\/div><div class=\"swiper-slide\" role=\"group\" aria-roledescription=\"slide\" aria-label=\"2 of 7\"><figure class=\"swiper-slide-inner\"><img decoding=\"async\" class=\"swiper-slide-image\" src=\"https:\/\/lamaisontrebeurden.fr\/wp-content\/uploads\/2024\/10\/i5ozlvz6-300x226.webp\" alt=\"C\u00f4te de granit rose Tr\u00e9gastel en Bretagne\" \/><\/figure><\/div><div class=\"swiper-slide\" role=\"group\" aria-roledescription=\"slide\" aria-label=\"3 of 7\"><figure class=\"swiper-slide-inner\"><img decoding=\"async\" class=\"swiper-slide-image\" src=\"https:\/\/lamaisontrebeurden.fr\/wp-content\/uploads\/2024\/11\/La-Region-2-300x200.webp\" alt=\"la cote de granit rose 2\" \/><\/figure><\/div><div class=\"swiper-slide\" role=\"group\" aria-roledescription=\"slide\" aria-label=\"4 of 7\"><figure class=\"swiper-slide-inner\"><img decoding=\"async\" class=\"swiper-slide-image\" src=\"https:\/\/lamaisontrebeurden.fr\/wp-content\/uploads\/2024\/11\/Region-1-1-300x200.webp\" alt=\"pointe de Bihit\" \/><\/figure><\/div><div class=\"swiper-slide\" role=\"group\" aria-roledescription=\"slide\" aria-label=\"5 of 7\"><figure class=\"swiper-slide-inner\"><img decoding=\"async\" class=\"swiper-slide-image\" src=\"https:\/\/lamaisontrebeurden.fr\/wp-content\/uploads\/2024\/11\/Region-2-300x169.webp\" alt=\"la cote de granit rose 3\" \/><\/figure><\/div><div class=\"swiper-slide\" role=\"group\" aria-roledescription=\"slide\" aria-label=\"6 of 7\"><figure class=\"swiper-slide-inner\"><img decoding=\"async\" class=\"swiper-slide-image\" src=\"https:\/\/lamaisontrebeurden.fr\/wp-content\/uploads\/2024\/11\/Region-4-300x300.webp\" alt=\"la cote de granit rose\" \/><\/figure><\/div><div class=\"swiper-slide\" role=\"group\" aria-roledescription=\"slide\" aria-label=\"7 of 7\"><figure class=\"swiper-slide-inner\"><img decoding=\"async\" class=\"swiper-slide-image\" src=\"https:\/\/lamaisontrebeurden.fr\/wp-content\/uploads\/2024\/11\/Region-3-300x188.webp\" alt=\"C\u00f4te de Granit Rose en Bretagne\" \/><\/figure><\/div>\t\t\t<\/div>\n\t\t\t\t\t\t\t\t\t\t\t\t<div class=\"elementor-swiper-button elementor-swiper-button-prev\" role=\"button\" tabindex=\"0\">\n\t\t\t\t\t\t<svg aria-hidden=\"true\" class=\"e-font-icon-svg e-eicon-chevron-left\" viewBox=\"0 0 1000 1000\" xmlns=\"http:\/\/www.w3.org\/2000\/svg\"><path d=\"M646 125C629 125 613 133 604 142L308 442C296 454 292 471 292 487 292 504 296 521 308 533L604 854C617 867 629 875 646 875 663 875 679 871 692 858 704 846 713 829 713 812 713 796 708 779 692 767L438 487 692 225C700 217 708 204 708 187 708 171 704 154 692 142 675 129 663 125 646 125Z\"><\/path><\/svg>\t\t\t\t\t<\/div>\n\t\t\t\t\t<div class=\"elementor-swiper-button elementor-swiper-button-next\" role=\"button\" tabindex=\"0\">\n\t\t\t\t\t\t<svg aria-hidden=\"true\" class=\"e-font-icon-svg e-eicon-chevron-right\" viewBox=\"0 0 1000 1000\" xmlns=\"http:\/\/www.w3.org\/2000\/svg\"><path d=\"M696 533C708 521 713 504 713 487 713 471 708 454 696 446L400 146C388 133 375 125 354 125 338 125 325 129 313 142 300 154 292 171 292 187 292 204 296 221 308 233L563 492 304 771C292 783 288 800 288 817 288 833 296 850 308 863 321 871 338 875 354 875 371 875 388 867 400 854L696 533Z\"><\/path><\/svg>\t\t\t\t\t<\/div>\n\t\t\t\t\n\t\t\t\t\t\t\t\t\t<div class=\"swiper-pagination\"><\/div>\n\t\t\t\t\t\t\t\t\t<\/div>\n\t\t\t\t\t\t<\/div>\n\t\t\t\t\t<\/div>\n\t\t\t\t<\/div>\n\t\t<div class=\"elementor-element elementor-element-578876b e-con-full e-flex e-con e-parent\" data-id=\"578876b\" data-element_type=\"container\" data-e-type=\"container\">\n\t\t<div class=\"elementor-element elementor-element-7c0bc6a e-con-full e-flex e-con e-child\" data-id=\"7c0bc6a\" data-element_type=\"container\" data-e-type=\"container\">\n\t\t\t\t<div class=\"elementor-element elementor-element-40658a8 elementor-widget elementor-widget-text-editor\" data-id=\"40658a8\" data-element_type=\"widget\" data-e-type=\"widget\" data-widget_type=\"text-editor.default\">\n\t\t\t\t\t\t\t\t\tApril 16, 2026 06:07\t\t\t\t\t\t\t\t<\/div>\n\t\t\t\t<div class=\"elementor-element elementor-element-7720489 e-grid-align-right e-grid-align-mobile-center elementor-shape-rounded elementor-grid-0 elementor-widget elementor-widget-social-icons\" data-id=\"7720489\" data-element_type=\"widget\" data-e-type=\"widget\" data-widget_type=\"social-icons.default\">\n\t\t\t\t\t\t\t<div class=\"elementor-social-icons-wrapper elementor-grid\" role=\"list\">\n\t\t\t\t\t\t\t<span class=\"elementor-grid-item\" role=\"listitem\">\n\t\t\t\t\t<a class=\"elementor-icon elementor-social-icon elementor-social-icon-facebook-f elementor-animation-push elementor-repeater-item-2ffba9f\" href=\"https:\/\/www.facebook.com\/share\/19VG6vc8YY\/?mibextid=LQQJ4d\" target=\"_blank\" rel=\"noopener\">\n\t\t\t\t\t\t<span class=\"elementor-screen-only\">Facebook-f<\/span>\n\t\t\t\t\t\t<svg aria-hidden=\"true\" class=\"e-font-icon-svg e-fab-facebook-f\" viewBox=\"0 0 320 512\" xmlns=\"http:\/\/www.w3.org\/2000\/svg\"><path d=\"M279.14 288l14.22-92.66h-88.91v-60.13c0-25.35 12.42-50.06 52.24-50.06h40.42V6.26S260.43 0 225.36 0c-73.22 0-121.08 44.38-121.08 124.72v70.62H22.89V288h81.39v224h100.17V288z\"><\/path><\/svg>\t\t\t\t\t<\/a>\n\t\t\t\t<\/span>\n\t\t\t\t\t\t\t<span class=\"elementor-grid-item\" role=\"listitem\">\n\t\t\t\t\t<a class=\"elementor-icon elementor-social-icon elementor-social-icon-linkedin-in elementor-animation-push elementor-repeater-item-ba71140\" href=\"https:\/\/www.linkedin.com\/company\/h%C3%B4tel-la-maison-tr%C3%A9beurden\/\" target=\"_blank\" rel=\"noopener\">\n\t\t\t\t\t\t<span class=\"elementor-screen-only\">Linkedin-in<\/span>\n\t\t\t\t\t\t<svg aria-hidden=\"true\" class=\"e-font-icon-svg e-fab-linkedin-in\" viewBox=\"0 0 448 512\" xmlns=\"http:\/\/www.w3.org\/2000\/svg\"><path d=\"M100.28 448H7.4V148.9h92.88zM53.79 108.1C24.09 108.1 0 83.5 0 53.8a53.79 53.79 0 0 1 107.58 0c0 29.7-24.1 54.3-53.79 54.3zM447.9 448h-92.68V302.4c0-34.7-.7-79.2-48.29-79.2-48.29 0-55.69 37.7-55.69 76.7V448h-92.78V148.9h89.08v40.8h1.3c12.4-23.5 42.69-48.3 87.88-48.3 94 0 111.28 61.9 111.28 142.3V448z\"><\/path><\/svg>\t\t\t\t\t<\/a>\n\t\t\t\t<\/span>\n\t\t\t\t\t\t\t<span class=\"elementor-grid-item\" role=\"listitem\">\n\t\t\t\t\t<a class=\"elementor-icon elementor-social-icon elementor-social-icon-instagram elementor-animation-push elementor-repeater-item-ee5d380\" href=\"https:\/\/www.instagram.com\/lamaisontrebeurden\/\" target=\"_blank\" rel=\"noopener\">\n\t\t\t\t\t\t<span class=\"elementor-screen-only\">Instagram<\/span>\n\t\t\t\t\t\t<svg aria-hidden=\"true\" class=\"e-font-icon-svg e-fab-instagram\" viewBox=\"0 0 448 512\" xmlns=\"http:\/\/www.w3.org\/2000\/svg\"><path d=\"M224.1 141c-63.6 0-114.9 51.3-114.9 114.9s51.3 114.9 114.9 114.9S339 319.5 339 255.9 287.7 141 224.1 141zm0 189.6c-41.1 0-74.7-33.5-74.7-74.7s33.5-74.7 74.7-74.7 74.7 33.5 74.7 74.7-33.6 74.7-74.7 74.7zm146.4-194.3c0 14.9-12 26.8-26.8 26.8-14.9 0-26.8-12-26.8-26.8s12-26.8 26.8-26.8 26.8 12 26.8 26.8zm76.1 27.2c-1.7-35.9-9.9-67.7-36.2-93.9-26.2-26.2-58-34.4-93.9-36.2-37-2.1-147.9-2.1-184.9 0-35.8 1.7-67.6 9.9-93.9 36.1s-34.4 58-36.2 93.9c-2.1 37-2.1 147.9 0 184.9 1.7 35.9 9.9 67.7 36.2 93.9s58 34.4 93.9 36.2c37 2.1 147.9 2.1 184.9 0 35.9-1.7 67.7-9.9 93.9-36.2 26.2-26.2 34.4-58 36.2-93.9 2.1-37 2.1-147.8 0-184.8zM398.8 388c-7.8 19.6-22.9 34.7-42.6 42.6-29.5 11.7-99.5 9-132.1 9s-102.7 2.6-132.1-9c-19.6-7.8-34.7-22.9-42.6-42.6-11.7-29.5-9-99.5-9-132.1s-2.6-102.7 9-132.1c7.8-19.6 22.9-34.7 42.6-42.6 29.5-11.7 99.5-9 132.1-9s102.7-2.6 132.1 9c19.6 7.8 34.7 22.9 42.6 42.6 11.7 29.5 9 99.5 9 132.1s2.7 102.7-9 132.1z\"><\/path><\/svg>\t\t\t\t\t<\/a>\n\t\t\t\t<\/span>\n\t\t\t\t\t<\/div>\n\t\t\t\t\t\t<\/div>\n\t\t\t\t<\/div>\n\t\t\t\t<\/div>\n\t\t\t\t<\/div>\n\t\t","protected":false},"excerpt":{"rendered":"<p>Book Trebeurden and the Pink Granite Coast Pointe de Bihit, an unmissable walk in Tr\u00e9beurden.88 metres high, the Bihit peninsula is a fabulous place for a walk or picnic. It is a protected coastal site, located between Tresmeur beach and Pors Mabo beach. Covered in gorse, heather and ferns, the area is a delight for ... <\/p>\n<p class=\"link-more\"><a href=\"https:\/\/lamaisontrebeurden.fr\/en\/la-region\/\" class=\"more-link\">Continue reading<span class=\"screen-reader-text\"> \"The region<\/span><\/a><\/p>","protected":false},"author":1,"featured_media":0,"parent":0,"menu_order":0,"comment_status":"closed","ping_status":"closed","template":"","meta":{"footnotes":""},"class_list":["post-4828","page","type-page","status-publish","hentry"],"jetpack_sharing_enabled":true,"_links":{"self":[{"href":"https:\/\/lamaisontrebeurden.fr\/en\/wp-json\/wp\/v2\/pages\/4828","targetHints":{"allow":["GET"]}}],"collection":[{"href":"https:\/\/lamaisontrebeurden.fr\/en\/wp-json\/wp\/v2\/pages"}],"about":[{"href":"https:\/\/lamaisontrebeurden.fr\/en\/wp-json\/wp\/v2\/types\/page"}],"author":[{"embeddable":true,"href":"https:\/\/lamaisontrebeurden.fr\/en\/wp-json\/wp\/v2\/users\/1"}],"replies":[{"embeddable":true,"href":"https:\/\/lamaisontrebeurden.fr\/en\/wp-json\/wp\/v2\/comments?post=4828"}],"version-history":[{"count":1,"href":"https:\/\/lamaisontrebeurden.fr\/en\/wp-json\/wp\/v2\/pages\/4828\/revisions"}],"predecessor-version":[{"id":8271,"href":"https:\/\/lamaisontrebeurden.fr\/en\/wp-json\/wp\/v2\/pages\/4828\/revisions\/8271"}],"wp:attachment":[{"href":"https:\/\/lamaisontrebeurden.fr\/en\/wp-json\/wp\/v2\/media?parent=4828"}],"curies":[{"name":"wp","href":"https:\/\/api.w.org\/{rel}","templated":true}]}}