{"id":6996,"date":"2024-11-20T14:49:03","date_gmt":"2024-11-20T14:49:03","guid":{"rendered":"https:\/\/lamaisontrebeurden.fr\/?post_type=product&#038;p=6996"},"modified":"2025-07-20T14:36:30","modified_gmt":"2025-07-20T14:36:30","slug":"reveil-coucou-moderne-bleu","status":"publish","type":"product","link":"https:\/\/lamaisontrebeurden.fr\/en\/product\/reveil-coucou-moderne-bleu\/","title":{"rendered":"Modern Cuckoo Clock - Blue"},"content":{"rendered":"<p>Add a cheerful, designer touch to your space with the\u00a0<strong>Coucou Moderne Color\u00e9e alarm clock by Present Time<\/strong>. Its bold style, inspired by the traditional cuckoo clock but revisited in bright colours, makes it a trendy accessory to brighten up any interior while letting you keep an eye on the weather in style.<\/p>\n<p><strong>For further information:<\/strong><br \/>\n3 sound intensity levels: mute, 1, 2<br \/>\nPlastic material<\/p>\n<div>\n<div class=\"summary__title\">\n<h2 class=\"h4 accordion__title inline-richtext\"><strong>Dimensions :<\/strong><\/h2>\n<\/div>\n<\/div>\n<div id=\"ProductAccordion-collapsible_tab_GCH3hJ-template--22749870752068__main\" class=\"accordion__content rte\">\n<p><span class=\"metafield-multi_line_text_field\">Width 12 cm x Height 20 cm x Depth 6 cm.<\/span><\/p>\n<\/div>","protected":false},"excerpt":{"rendered":"<p>Apportez une touche joyeuse et design \u00e0 votre espace avec le\u00a0r\u00e9veil Coucou Moderne Color\u00e9e de Present Time. Son style audacieux, inspir\u00e9 du traditionnel coucou mais revisit\u00e9 en couleurs vives, en fait un accessoire tendance pour \u00e9gayer n&#8217;importe quel int\u00e9rieur tout en vous permettant de garder un \u0153il sur le temps avec style. Pour info : &hellip; <\/p>\n<p class=\"link-more\"><a href=\"https:\/\/lamaisontrebeurden.fr\/en\/product\/reveil-coucou-moderne-bleu\/\" class=\"more-link\">Continue reading<span class=\"screen-reader-text\"> &#8220;R\u00e9veil Coucou Moderne &#8211; Bleu&#8221;<\/span><\/a><\/p>","protected":false},"featured_media":6953,"template":"","meta":[],"product_brand":[],"product_cat":[177],"product_tag":[],"class_list":{"0":"post-6996","1":"product","2":"type-product","3":"status-publish","4":"has-post-thumbnail","6":"product_cat-deco","7":"product_shipping_class-1kg","9":"first","10":"instock","11":"taxable","12":"shipping-taxable","13":"purchasable","14":"product-type-simple"},"jetpack_sharing_enabled":true,"_links":{"self":[{"href":"https:\/\/lamaisontrebeurden.fr\/en\/wp-json\/wp\/v2\/product\/6996","targetHints":{"allow":["GET"]}}],"collection":[{"href":"https:\/\/lamaisontrebeurden.fr\/en\/wp-json\/wp\/v2\/product"}],"about":[{"href":"https:\/\/lamaisontrebeurden.fr\/en\/wp-json\/wp\/v2\/types\/product"}],"version-history":[{"count":1,"href":"https:\/\/lamaisontrebeurden.fr\/en\/wp-json\/wp\/v2\/product\/6996\/revisions"}],"predecessor-version":[{"id":6997,"href":"https:\/\/lamaisontrebeurden.fr\/en\/wp-json\/wp\/v2\/product\/6996\/revisions\/6997"}],"wp:featuredmedia":[{"embeddable":true,"href":"https:\/\/lamaisontrebeurden.fr\/en\/wp-json\/wp\/v2\/media\/6953"}],"wp:attachment":[{"href":"https:\/\/lamaisontrebeurden.fr\/en\/wp-json\/wp\/v2\/media?parent=6996"}],"wp:term":[{"taxonomy":"product_brand","embeddable":true,"href":"https:\/\/lamaisontrebeurden.fr\/en\/wp-json\/wp\/v2\/product_brand?post=6996"},{"taxonomy":"product_cat","embeddable":true,"href":"https:\/\/lamaisontrebeurden.fr\/en\/wp-json\/wp\/v2\/product_cat?post=6996"},{"taxonomy":"product_tag","embeddable":true,"href":"https:\/\/lamaisontrebeurden.fr\/en\/wp-json\/wp\/v2\/product_tag?post=6996"}],"curies":[{"name":"wp","href":"https:\/\/api.w.org\/{rel}","templated":true}]}}