{"id":7054,"date":"2024-11-20T17:48:55","date_gmt":"2024-11-20T17:48:55","guid":{"rendered":"https:\/\/lamaisontrebeurden.fr\/?post_type=product&#038;p=7054"},"modified":"2025-01-23T11:33:06","modified_gmt":"2025-01-23T11:33:06","slug":"bateau-en-bois-tirot-le-saint-germain","status":"publish","type":"product","link":"https:\/\/lamaisontrebeurden.fr\/en\/product\/bateau-en-bois-tirot-le-saint-germain\/","title":{"rendered":"Wooden boat Tirot - \"Le Saint Germain"},"content":{"rendered":"<p>The Saint Germain sailboat is a replica of a classic sailboat.<\/p>\n<p>Very comfortable in the water of a pond or lake, this sailing boat is ballasted, so it can withstand the wind and sail like a real sailing boat (without the seasickness ;))!<\/p>\n<p>Petrol blue hull with red piping.<\/p>\n<p>Entirely made in the Tirot workshops in Brittany since 1946, this toy sailboat is also great for decorating your child's bedroom or your living room.<\/p>\n<hr \/>\n<p>Breton crafts<br \/>\n\ud83c\udf33 Solid wood (Beech)<br \/>\n\ud83c\udf0d Local sourcing<br \/>\n\ud83d\udc7c Meets NF EN 71 child protection standards<br \/>\n\ud83d\udca6 Designed for use in water<\/p>","protected":false},"excerpt":{"rendered":"<p>Le voilier Saint Germain est une r\u00e9plique de voilier classique. Tr\u00e8s \u00e0 son aise dans l\u2019eau d\u2019un bassin ou d\u2019un \u00e9tang, ce voilier est lest\u00e9, lui permettant de r\u00e9sister au vent et ainsi naviguer comme les v\u00e9ritables voiliers (le mal de mer en moins ;)) ! Coque couleur bleu p\u00e9trole avec un liser\u00e9 rouge. Enti\u00e8rement &hellip; <\/p>\n<p class=\"link-more\"><a href=\"https:\/\/lamaisontrebeurden.fr\/en\/product\/bateau-en-bois-tirot-le-saint-germain\/\" class=\"more-link\">Continue reading<span class=\"screen-reader-text\"> &#8220;Bateau en bois Tirot &#8211;  &#8220;Le Saint Germain&#8221;&#8221;<\/span><\/a><\/p>","protected":false},"featured_media":7023,"template":"","meta":[],"product_brand":[],"product_cat":[177,186],"product_tag":[],"class_list":{"0":"post-7054","1":"product","2":"type-product","3":"status-publish","4":"has-post-thumbnail","6":"product_cat-deco","7":"product_cat-jouet","8":"product_shipping_class-1kg-et","10":"first","11":"instock","12":"taxable","13":"shipping-taxable","14":"purchasable","15":"product-type-simple"},"jetpack_sharing_enabled":true,"_links":{"self":[{"href":"https:\/\/lamaisontrebeurden.fr\/en\/wp-json\/wp\/v2\/product\/7054","targetHints":{"allow":["GET"]}}],"collection":[{"href":"https:\/\/lamaisontrebeurden.fr\/en\/wp-json\/wp\/v2\/product"}],"about":[{"href":"https:\/\/lamaisontrebeurden.fr\/en\/wp-json\/wp\/v2\/types\/product"}],"version-history":[{"count":2,"href":"https:\/\/lamaisontrebeurden.fr\/en\/wp-json\/wp\/v2\/product\/7054\/revisions"}],"predecessor-version":[{"id":7208,"href":"https:\/\/lamaisontrebeurden.fr\/en\/wp-json\/wp\/v2\/product\/7054\/revisions\/7208"}],"wp:featuredmedia":[{"embeddable":true,"href":"https:\/\/lamaisontrebeurden.fr\/en\/wp-json\/wp\/v2\/media\/7023"}],"wp:attachment":[{"href":"https:\/\/lamaisontrebeurden.fr\/en\/wp-json\/wp\/v2\/media?parent=7054"}],"wp:term":[{"taxonomy":"product_brand","embeddable":true,"href":"https:\/\/lamaisontrebeurden.fr\/en\/wp-json\/wp\/v2\/product_brand?post=7054"},{"taxonomy":"product_cat","embeddable":true,"href":"https:\/\/lamaisontrebeurden.fr\/en\/wp-json\/wp\/v2\/product_cat?post=7054"},{"taxonomy":"product_tag","embeddable":true,"href":"https:\/\/lamaisontrebeurden.fr\/en\/wp-json\/wp\/v2\/product_tag?post=7054"}],"curies":[{"name":"wp","href":"https:\/\/api.w.org\/{rel}","templated":true}]}}