{"id":7428,"date":"2024-12-20T08:23:29","date_gmt":"2024-12-20T08:23:29","guid":{"rendered":"https:\/\/lamaisontrebeurden.fr\/?post_type=product&#038;p=7428"},"modified":"2024-12-20T12:40:50","modified_gmt":"2024-12-20T12:40:50","slug":"lapero-de-la-maison","status":"publish","type":"product","link":"https:\/\/lamaisontrebeurden.fr\/en\/product\/lapero-de-la-maison\/","title":{"rendered":"La Maison aperitif"},"content":{"rendered":"<p>L'Ap\u00e9ro de la Maison\" gift voucher for two people, including :<\/p>\n<p>One house cocktail or mocktail per person<\/p>\n<p>A charcuterie and cheese board<\/p>\n<p>By reservation (subject to availability)<\/p>\n<p>Discover <a title=\"The menu\" href=\"https:\/\/lamaisontrebeurden.fr\/en\/elementor-page-4572\/\">the exhibition menu<\/a><\/p>\n<p>&nbsp;<\/p>","protected":false},"excerpt":{"rendered":"<p>Bon cadeau\u00a0 &#8220;L&#8217; Ap\u00e9ro de la Maison&#8221; , pour deux personnes, comprenant : Un cocktail ou Mocktail\u00a0 maison par personne Une\u00a0 planche de charcuterie fromage Sur r\u00e9servation (Valable selon disponibilit\u00e9) D\u00e9couvrez la carte du salon &nbsp;<\/p>","protected":false},"featured_media":7430,"template":"","meta":[],"product_brand":[],"product_cat":[191],"product_tag":[],"class_list":{"0":"post-7428","1":"product","2":"type-product","3":"status-publish","4":"has-post-thumbnail","6":"product_cat-bon-cadeau","8":"first","9":"instock","10":"taxable","11":"shipping-taxable","12":"purchasable","13":"product-type-simple"},"jetpack_sharing_enabled":true,"_links":{"self":[{"href":"https:\/\/lamaisontrebeurden.fr\/en\/wp-json\/wp\/v2\/product\/7428","targetHints":{"allow":["GET"]}}],"collection":[{"href":"https:\/\/lamaisontrebeurden.fr\/en\/wp-json\/wp\/v2\/product"}],"about":[{"href":"https:\/\/lamaisontrebeurden.fr\/en\/wp-json\/wp\/v2\/types\/product"}],"version-history":[{"count":4,"href":"https:\/\/lamaisontrebeurden.fr\/en\/wp-json\/wp\/v2\/product\/7428\/revisions"}],"predecessor-version":[{"id":7441,"href":"https:\/\/lamaisontrebeurden.fr\/en\/wp-json\/wp\/v2\/product\/7428\/revisions\/7441"}],"wp:featuredmedia":[{"embeddable":true,"href":"https:\/\/lamaisontrebeurden.fr\/en\/wp-json\/wp\/v2\/media\/7430"}],"wp:attachment":[{"href":"https:\/\/lamaisontrebeurden.fr\/en\/wp-json\/wp\/v2\/media?parent=7428"}],"wp:term":[{"taxonomy":"product_brand","embeddable":true,"href":"https:\/\/lamaisontrebeurden.fr\/en\/wp-json\/wp\/v2\/product_brand?post=7428"},{"taxonomy":"product_cat","embeddable":true,"href":"https:\/\/lamaisontrebeurden.fr\/en\/wp-json\/wp\/v2\/product_cat?post=7428"},{"taxonomy":"product_tag","embeddable":true,"href":"https:\/\/lamaisontrebeurden.fr\/en\/wp-json\/wp\/v2\/product_tag?post=7428"}],"curies":[{"name":"wp","href":"https:\/\/api.w.org\/{rel}","templated":true}]}}