{"id":323,"date":"2024-09-18T13:11:34","date_gmt":"2024-09-18T13:11:34","guid":{"rendered":"https:\/\/sitelamaisonmews.live-website.com\/?page_id=323"},"modified":"2024-11-12T18:02:22","modified_gmt":"2024-11-12T18:02:22","slug":"cgv","status":"publish","type":"page","link":"https:\/\/lamaisontrebeurden.fr\/fr\/cgv\/","title":{"rendered":"CGV"},"content":{"rendered":"\t\t<div data-elementor-type=\"wp-page\" data-elementor-id=\"323\" class=\"elementor elementor-323\" data-elementor-post-type=\"page\">\n\t\t\t\t<div class=\"elementor-element elementor-element-b4cbc7e e-flex e-con-boxed e-con e-parent\" data-id=\"b4cbc7e\" data-element_type=\"container\" data-e-type=\"container\">\n\t\t\t\t\t<div class=\"e-con-inner\">\n\t\t\t\t<div class=\"elementor-element elementor-element-aa0b3d7 elementor-widget elementor-widget-heading\" data-id=\"aa0b3d7\" data-element_type=\"widget\" data-e-type=\"widget\" data-widget_type=\"heading.default\">\n\t\t\t\t\t<h1 class=\"elementor-heading-title elementor-size-default\">Conditions g\u00e9n\u00e9rales de ventes<\/h1>\t\t\t\t<\/div>\n\t\t\t\t\t<\/div>\n\t\t\t\t<\/div>\n\t\t<div class=\"elementor-element elementor-element-427dac3 e-con-full e-flex e-con e-parent\" data-id=\"427dac3\" data-element_type=\"container\" data-e-type=\"container\">\n\t\t<div class=\"elementor-element elementor-element-a334888 e-con-full e-flex e-con e-child\" data-id=\"a334888\" data-element_type=\"container\" data-e-type=\"container\" data-settings=\"{&quot;background_background&quot;:&quot;classic&quot;}\">\n\t\t\t\t<div class=\"elementor-element elementor-element-80ca6cc elementor-widget elementor-widget-text-editor\" data-id=\"80ca6cc\" data-element_type=\"widget\" data-e-type=\"widget\" data-widget_type=\"text-editor.default\">\n\t\t\t\t\t\t\t\t\t<p><br><\/p><p>Toutes les r\u00e9servations doivent \u00eatre garanties par une carte de cr\u00e9dit valide \u00e0 la date du d\u00e9but du s\u00e9jour. En cas de carte de cr\u00e9dit arrivant \u00e0 \u00e9ch\u00e9ance avant l&#8217;arriv\u00e9e du client, l&#8217;h\u00f4tel se r\u00e9serve le droit d&#8217;annuler la r\u00e9servation sans pr\u00e9avis.<\/p>\n<p>Dans le cadre de r\u00e9servation de groupe (plus de 3 chambres) l&#8217;h\u00f4tel se r\u00e9serve le droit de d\u00e9biter 30% (maximum) de la somme totale due d\u00e8s la prise de r\u00e9servation afin de s&#8217;assurer de conformit\u00e9 de la carte. En cas de rejet de paiement l&#8217;h\u00f4tel se r\u00e9serve le droit d&#8217;annuler la r\u00e9servation sans pr\u00e9avis.<\/p>\n<p><b><u>D\u00e9part tardif :<\/u><\/b><\/p>\n<p>Les chambres doivent \u00eatre lib\u00e9r\u00e9es au plus tard <span dir=\"ltr\">\u00e0 11h00<\/span>. En cas de d\u00e9part tarif des frais suppl\u00e9mentaires seront factur\u00e9s comme suit :<\/p>\n<ul>\n<li>D\u00e9part <span dir=\"ltr\">entre 11h00 et 14h00<\/span> : 50% du prix de la chambre sera factur\u00e9<\/li>\n<li>D\u00e9part <span dir=\"ltr\">apr\u00e8s 15h00<\/span> : 100% du prix de la chambre sera factur\u00e9<\/li>\n<\/ul>\n<p>L&#8217;acceptation du d\u00e9part tardif est soumise aux&nbsp; disponibilit\u00e9s de l&#8217;h\u00f4tel.<\/p>\n<p><b><u>Arriv\u00e9e anticip\u00e9e :<\/u><\/b><\/p>\n<p>Les chambres sont disponibles <span dir=\"ltr\">\u00e0 partir de 15h00<\/span>. En cas d&#8217;arriv\u00e9e anticip\u00e9, des frais suppl\u00e9mentaires seront factur\u00e9s comme suit :<\/p>\n<ul>\n<li>Arriv\u00e9e <span dir=\"ltr\">entre 07h30 et 12h00<\/span> : 100% du prix de la chambre sera factur\u00e9<\/li>\n<li>Arriv\u00e9e <span dir=\"ltr\">entre 12h00 et 15h00<\/span> : 50% du prix de la chambre sera factur\u00e9<\/li>\n<\/ul>\n<p>L&#8217;acceptation de l&#8217;arriv\u00e9e anticip\u00e9 est soumise aux disponibilit\u00e9s de l&#8217;h\u00f4tel.<\/p>\n<p><b><u>D\u00e9part anticip\u00e9 :<\/u><\/b><\/p>\n<p><\/p>\n<p>En cas de d\u00e9part anticip\u00e9 l&#8217;int\u00e9gralit\u00e9 du s\u00e9jour et des prestations r\u00e9serv\u00e9es (petit-d\u00e9jeuner, demi-pension &#8230;) seront factur\u00e9s.&nbsp; Ces frais ne sauraient donner lieu \u00e0 aucun cr\u00e9dit.<\/p>\n<p><b><u>Animaux :<\/u><\/b><\/p>\n<p>Les animaux de 10kg maximum sont autoris\u00e9s au sein de l&#8217;h\u00f4tel. Les propri\u00e9taires s&#8217;engagent \u00e0 ne pas laisser l&#8217;animal seul dans les chambres et \u00e0 d\u00e9clarer les \u00e9ventuels d\u00e9g\u00e2ts occasionn\u00e9s.<\/p>\n<p>Un seul animal par r\u00e9servation sera autoris\u00e9 et sa pr\u00e9sence devra \u00eatre signifi\u00e9 au moment de la prise de r\u00e9servation. L&#8217;h\u00f4tel se r\u00e9serve le droit de refuser l&#8217;animal si sa pr\u00e9sence n&#8217;a pas \u00e9t\u00e9 pr\u00e9alablement notifi\u00e9e.<\/p>\n<p>La pr\u00e9sence d&#8217;un animal entrainera de mani\u00e8re automatique l&#8217;ajout d&#8217;un suppl\u00e9ment de 15\u20ac par s\u00e9jour et par animal. Ces frais correspondent aux frais de nettoyage et n&#8217;incluent pas la prestation de nourriture.<\/p>\t\t\t\t\t\t\t\t<\/div>\n\t\t\t\t<\/div>\n\t\t\t\t<\/div>\n\t\t\t\t<\/div>\n\t\t","protected":false},"excerpt":{"rendered":"<p>Conditions g\u00e9n\u00e9rales de ventes Toutes les r\u00e9servations doivent \u00eatre garanties par une carte de cr\u00e9dit valide \u00e0 la date du d\u00e9but du s\u00e9jour. En cas de carte de cr\u00e9dit arrivant \u00e0 \u00e9ch\u00e9ance avant l&#8217;arriv\u00e9e du client, l&#8217;h\u00f4tel se r\u00e9serve le droit d&#8217;annuler la r\u00e9servation sans pr\u00e9avis. Dans le cadre de r\u00e9servation de groupe (plus de &hellip; <\/p>\n<p class=\"link-more\"><a href=\"https:\/\/lamaisontrebeurden.fr\/fr\/cgv\/\" class=\"more-link\">Continuer la lecture<span class=\"screen-reader-text\"> de &laquo;&nbsp;CGV&nbsp;&raquo;<\/span><\/a><\/p>\n","protected":false},"author":1,"featured_media":0,"parent":0,"menu_order":0,"comment_status":"closed","ping_status":"closed","template":"","meta":{"footnotes":""},"class_list":["post-323","page","type-page","status-publish","hentry"],"jetpack_sharing_enabled":true,"_links":{"self":[{"href":"https:\/\/lamaisontrebeurden.fr\/fr\/wp-json\/wp\/v2\/pages\/323","targetHints":{"allow":["GET"]}}],"collection":[{"href":"https:\/\/lamaisontrebeurden.fr\/fr\/wp-json\/wp\/v2\/pages"}],"about":[{"href":"https:\/\/lamaisontrebeurden.fr\/fr\/wp-json\/wp\/v2\/types\/page"}],"author":[{"embeddable":true,"href":"https:\/\/lamaisontrebeurden.fr\/fr\/wp-json\/wp\/v2\/users\/1"}],"replies":[{"embeddable":true,"href":"https:\/\/lamaisontrebeurden.fr\/fr\/wp-json\/wp\/v2\/comments?post=323"}],"version-history":[{"count":0,"href":"https:\/\/lamaisontrebeurden.fr\/fr\/wp-json\/wp\/v2\/pages\/323\/revisions"}],"wp:attachment":[{"href":"https:\/\/lamaisontrebeurden.fr\/fr\/wp-json\/wp\/v2\/media?parent=323"}],"curies":[{"name":"wp","href":"https:\/\/api.w.org\/{rel}","templated":true}]}}