{"id":7138,"date":"2024-11-27T18:46:03","date_gmt":"2024-11-27T18:46:03","guid":{"rendered":"https:\/\/lamaisontrebeurden.fr\/panier\/"},"modified":"2024-11-29T21:10:56","modified_gmt":"2024-11-29T21:10:56","slug":"panier","status":"publish","type":"page","link":"https:\/\/lamaisontrebeurden.fr\/fr\/panier\/","title":{"rendered":"Panier"},"content":{"rendered":"\t\t<div data-elementor-type=\"wp-page\" data-elementor-id=\"7138\" class=\"elementor elementor-7138\" data-elementor-post-type=\"page\">\n\t\t\t\t<div class=\"elementor-element elementor-element-7008178 e-flex e-con-boxed e-con e-parent\" data-id=\"7008178\" data-element_type=\"container\" data-e-type=\"container\">\n\t\t\t\t\t<div class=\"e-con-inner\">\n\t\t\t\t<div class=\"elementor-element elementor-element-92e296a elementor-widget elementor-widget-woocommerce-breadcrumb\" data-id=\"92e296a\" data-element_type=\"widget\" data-e-type=\"widget\" data-widget_type=\"woocommerce-breadcrumb.default\">\n\t\t\t\t\t<nav class=\"woocommerce-breadcrumb\" aria-label=\"Breadcrumb\">Accueil<\/nav>\t\t\t\t<\/div>\n\t\t\t\t\t<\/div>\n\t\t\t\t<\/div>\n\t\t<div class=\"elementor-element elementor-element-d646bbf e-flex e-con-boxed e-con e-parent\" data-id=\"d646bbf\" data-element_type=\"container\" data-e-type=\"container\">\n\t\t\t\t\t<div class=\"e-con-inner\">\n\t\t\t\t\t<\/div>\n\t\t\t\t<\/div>\n\t\t\t\t<\/div>\n\t\t","protected":false},"excerpt":{"rendered":"<p>Supprimer l\u2019\u00e9l\u00e9ment Miniature Produit Prix Quantit\u00e9 Sous-total &times; Bracelet &#8220;Carr\u00e9 de tr\u00e8fle&#8221; Kaki 25,70&nbsp;&euro; quantit\u00e9 de Bracelet &quot;Carr\u00e9 de tr\u00e8fle&quot; Kaki 25,70&nbsp;&euro; Appliquer le code promo Totaux du panier Sous-total 25,70&nbsp;&euro; Exp\u00e9dition Colissimo &#8211; 2 DAYS delivery: 4,99&nbsp;&euro; Chronopost &#8211; 3 DAYS pick up: 3,19&nbsp;&euro; Retrait (H\u00f4tel La Maison Tr\u00e9beurden) Livraison \u00e0 18 corniche de &hellip; <\/p>\n<p class=\"link-more\"><a href=\"https:\/\/lamaisontrebeurden.fr\/fr\/panier\/\" class=\"more-link\">Continuer la lecture<span class=\"screen-reader-text\"> de &laquo;&nbsp;Panier&nbsp;&raquo;<\/span><\/a><\/p>\n","protected":false},"author":1,"featured_media":0,"parent":0,"menu_order":0,"comment_status":"closed","ping_status":"closed","template":"","meta":{"footnotes":""},"class_list":["post-7138","page","type-page","status-publish","hentry"],"jetpack_sharing_enabled":true,"_links":{"self":[{"href":"https:\/\/lamaisontrebeurden.fr\/fr\/wp-json\/wp\/v2\/pages\/7138","targetHints":{"allow":["GET"]}}],"collection":[{"href":"https:\/\/lamaisontrebeurden.fr\/fr\/wp-json\/wp\/v2\/pages"}],"about":[{"href":"https:\/\/lamaisontrebeurden.fr\/fr\/wp-json\/wp\/v2\/types\/page"}],"author":[{"embeddable":true,"href":"https:\/\/lamaisontrebeurden.fr\/fr\/wp-json\/wp\/v2\/users\/1"}],"replies":[{"embeddable":true,"href":"https:\/\/lamaisontrebeurden.fr\/fr\/wp-json\/wp\/v2\/comments?post=7138"}],"version-history":[{"count":2,"href":"https:\/\/lamaisontrebeurden.fr\/fr\/wp-json\/wp\/v2\/pages\/7138\/revisions"}],"predecessor-version":[{"id":7153,"href":"https:\/\/lamaisontrebeurden.fr\/fr\/wp-json\/wp\/v2\/pages\/7138\/revisions\/7153"}],"wp:attachment":[{"href":"https:\/\/lamaisontrebeurden.fr\/fr\/wp-json\/wp\/v2\/media?parent=7138"}],"curies":[{"name":"wp","href":"https:\/\/api.w.org\/{rel}","templated":true}]}}