{"id":5495,"date":"2024-11-04T10:55:34","date_gmt":"2024-11-04T10:55:34","guid":{"rendered":"https:\/\/sitelamaisonmews.live-website.com\/product\/leather-clad-leisure-chair\/"},"modified":"2025-09-23T16:50:46","modified_gmt":"2025-09-23T16:50:46","slug":"dodo-toucan-esprit-de-la-mer","status":"publish","type":"product","link":"https:\/\/lamaisontrebeurden.fr\/fr\/product\/dodo-toucan-esprit-de-la-mer\/","title":{"rendered":"Dodo Toucan &#8211; Esprit de la mer"},"content":{"rendered":"<p>Esprit de la mer, en fa\u00efence.<\/p>\n<p>C&#8217;est un esprit bienveillant de la nature. Model\u00e9 et peint \u00e0 la main dans les ateliers parisiens Dodo toucan, chaque petit esprit de la mer est unique.<\/p>\n<p>Cet \u00eatre magique aux motifs de vagues et d&#8217;\u00e9cume se glisse dans votre poche ou se pose sur le bureau. Il vous murmure \u00e0 l&#8217;oreille des l\u00e9gendes venues des mers lointaines, des embruns ou des tropiques, de l&#8217;oc\u00e9an infini.<\/p>\n<p>Hauteur : environ 4 cm<\/p>\n","protected":false},"excerpt":{"rendered":"<p>Esprit de la mer, en fa\u00efence. C&#8217;est un esprit bienveillant de la nature. Model\u00e9 et peint \u00e0 la main dans les ateliers parisiens Dodo toucan, chaque petit esprit de la mer est unique. Cet \u00eatre magique aux motifs de vagues et d&#8217;\u00e9cume se glisse dans votre poche ou se pose sur le bureau. Il vous &hellip; <\/p>\n<p class=\"link-more\"><a href=\"https:\/\/lamaisontrebeurden.fr\/fr\/product\/dodo-toucan-esprit-de-la-mer\/\" class=\"more-link\">Continuer la lecture<span class=\"screen-reader-text\"> de &laquo;&nbsp;Dodo Toucan &#8211; Esprit de la mer&nbsp;&raquo;<\/span><\/a><\/p>\n","protected":false},"featured_media":6999,"template":"","meta":[],"product_brand":[],"product_cat":[31],"product_tag":[],"class_list":{"0":"post-5495","1":"product","2":"type-product","3":"status-publish","4":"has-post-thumbnail","6":"product_cat-lifestyle","8":"first","9":"outofstock","10":"taxable","11":"shipping-taxable","12":"purchasable","13":"product-type-simple"},"jetpack_sharing_enabled":true,"_links":{"self":[{"href":"https:\/\/lamaisontrebeurden.fr\/fr\/wp-json\/wp\/v2\/product\/5495","targetHints":{"allow":["GET"]}}],"collection":[{"href":"https:\/\/lamaisontrebeurden.fr\/fr\/wp-json\/wp\/v2\/product"}],"about":[{"href":"https:\/\/lamaisontrebeurden.fr\/fr\/wp-json\/wp\/v2\/types\/product"}],"version-history":[{"count":2,"href":"https:\/\/lamaisontrebeurden.fr\/fr\/wp-json\/wp\/v2\/product\/5495\/revisions"}],"predecessor-version":[{"id":7224,"href":"https:\/\/lamaisontrebeurden.fr\/fr\/wp-json\/wp\/v2\/product\/5495\/revisions\/7224"}],"wp:featuredmedia":[{"embeddable":true,"href":"https:\/\/lamaisontrebeurden.fr\/fr\/wp-json\/wp\/v2\/media\/6999"}],"wp:attachment":[{"href":"https:\/\/lamaisontrebeurden.fr\/fr\/wp-json\/wp\/v2\/media?parent=5495"}],"wp:term":[{"taxonomy":"product_brand","embeddable":true,"href":"https:\/\/lamaisontrebeurden.fr\/fr\/wp-json\/wp\/v2\/product_brand?post=5495"},{"taxonomy":"product_cat","embeddable":true,"href":"https:\/\/lamaisontrebeurden.fr\/fr\/wp-json\/wp\/v2\/product_cat?post=5495"},{"taxonomy":"product_tag","embeddable":true,"href":"https:\/\/lamaisontrebeurden.fr\/fr\/wp-json\/wp\/v2\/product_tag?post=5495"}],"curies":[{"name":"wp","href":"https:\/\/api.w.org\/{rel}","templated":true}]}}