{"id":6979,"date":"2024-11-20T12:36:05","date_gmt":"2024-11-20T12:36:05","guid":{"rendered":"https:\/\/lamaisontrebeurden.fr\/?post_type=product&#038;p=6979"},"modified":"2025-07-20T14:34:34","modified_gmt":"2025-07-20T14:34:34","slug":"horloge-cuckoo-de-karlsson-couleur-bois","status":"publish","type":"product","link":"https:\/\/lamaisontrebeurden.fr\/fr\/product\/horloge-cuckoo-de-karlsson-couleur-bois\/","title":{"rendered":"Horloge Cuckoo de Karlsson &#8211; couleur bois"},"content":{"rendered":"<p>Nostalgique de l&#8217;horloge comtoise de votre grand-m\u00e8re, mais pas de son design ? On a pens\u00e9 \u00e0 vous avec l&#8217;<strong>horloge Cuckoo de Karlsson<\/strong>, le coucou pas classique qui se glisse dans toutes les pi\u00e8ces de la maison.<br \/>\nOn aime ses couleurs tendance\u00a0 et sa forme sympa associant balancier et coucou en forme d&#8217;oiseau stylis\u00e9. Pratique, l&#8217;horloge reste silencieuse entre 22 h et 6 h.<\/p>\n<p><strong>Pour info :<\/strong><br \/>\n3 niveaux d&#8217;intensit\u00e9 du son : muet, 1, 2<br \/>\nMati\u00e8re plastique<\/p>\n<div class=\"sidebar__content-title\"><strong>Dimensions du produit<\/strong><\/div>\n<table class=\"product-sidebar-features__table product-sidebar-features__table--striped\">\n<tbody>\n<tr data-feature-id=\"1\">\n<td>Hauteur<\/td>\n<td>41 cm<\/td>\n<\/tr>\n<tr data-feature-id=\"2\">\n<td>Largeur<\/td>\n<td>21.5 cm<\/td>\n<\/tr>\n<tr data-feature-id=\"3\">\n<td>Profondeur<\/td>\n<td>8.5 cm<\/td>\n<\/tr>\n<tr data-feature-id=\"10\">\n<td>Poids produit<\/td>\n<td>0.58 kg<\/td>\n<\/tr>\n<\/tbody>\n<\/table>\n","protected":false},"excerpt":{"rendered":"<p>Nostalgique de l&#8217;horloge comtoise de votre grand-m\u00e8re, mais pas de son design ? On a pens\u00e9 \u00e0 vous avec l&#8217;horloge Cuckoo de Karlsson, le coucou pas classique qui se glisse dans toutes les pi\u00e8ces de la maison. On aime ses couleurs tendance\u00a0 et sa forme sympa associant balancier et coucou en forme d&#8217;oiseau stylis\u00e9. Pratique, &hellip; <\/p>\n<p class=\"link-more\"><a href=\"https:\/\/lamaisontrebeurden.fr\/fr\/product\/horloge-cuckoo-de-karlsson-couleur-bois\/\" class=\"more-link\">Continuer la lecture<span class=\"screen-reader-text\"> de &laquo;&nbsp;Horloge Cuckoo de Karlsson &#8211; couleur bois&nbsp;&raquo;<\/span><\/a><\/p>\n","protected":false},"featured_media":6959,"template":"","meta":[],"product_brand":[],"product_cat":[177],"product_tag":[],"class_list":{"0":"post-6979","1":"product","2":"type-product","3":"status-publish","4":"has-post-thumbnail","6":"product_cat-deco","7":"product_shipping_class-1kg","9":"first","10":"instock","11":"taxable","12":"shipping-taxable","13":"purchasable","14":"product-type-simple"},"jetpack_sharing_enabled":true,"_links":{"self":[{"href":"https:\/\/lamaisontrebeurden.fr\/fr\/wp-json\/wp\/v2\/product\/6979","targetHints":{"allow":["GET"]}}],"collection":[{"href":"https:\/\/lamaisontrebeurden.fr\/fr\/wp-json\/wp\/v2\/product"}],"about":[{"href":"https:\/\/lamaisontrebeurden.fr\/fr\/wp-json\/wp\/v2\/types\/product"}],"version-history":[{"count":1,"href":"https:\/\/lamaisontrebeurden.fr\/fr\/wp-json\/wp\/v2\/product\/6979\/revisions"}],"predecessor-version":[{"id":6980,"href":"https:\/\/lamaisontrebeurden.fr\/fr\/wp-json\/wp\/v2\/product\/6979\/revisions\/6980"}],"wp:featuredmedia":[{"embeddable":true,"href":"https:\/\/lamaisontrebeurden.fr\/fr\/wp-json\/wp\/v2\/media\/6959"}],"wp:attachment":[{"href":"https:\/\/lamaisontrebeurden.fr\/fr\/wp-json\/wp\/v2\/media?parent=6979"}],"wp:term":[{"taxonomy":"product_brand","embeddable":true,"href":"https:\/\/lamaisontrebeurden.fr\/fr\/wp-json\/wp\/v2\/product_brand?post=6979"},{"taxonomy":"product_cat","embeddable":true,"href":"https:\/\/lamaisontrebeurden.fr\/fr\/wp-json\/wp\/v2\/product_cat?post=6979"},{"taxonomy":"product_tag","embeddable":true,"href":"https:\/\/lamaisontrebeurden.fr\/fr\/wp-json\/wp\/v2\/product_tag?post=6979"}],"curies":[{"name":"wp","href":"https:\/\/api.w.org\/{rel}","templated":true}]}}