{"id":7008,"date":"2024-11-20T15:09:56","date_gmt":"2024-11-20T15:09:56","guid":{"rendered":"https:\/\/lamaisontrebeurden.fr\/?post_type=product&#038;p=7008"},"modified":"2024-11-30T10:11:00","modified_gmt":"2024-11-30T10:11:00","slug":"dodo-toucan-bebe-phoque","status":"publish","type":"product","link":"https:\/\/lamaisontrebeurden.fr\/fr\/product\/dodo-toucan-bebe-phoque\/","title":{"rendered":"Dodo Toucan &#8211; B\u00e9b\u00e9 phoque"},"content":{"rendered":"<p>Petit phoque, en fa\u00efence.<\/p>\n<p>Model\u00e9 et peint \u00e0 la main dans dans les ateliers parisiens Dodo toucan, chaque petit phoque est unique.<br \/>\nCe petit phoque \u00e0 la fourrure blanche aime se camoufler dans la neige et les glissades entre les icebergs. Savez-vous que le petit du phoque s\u2019appelle le blanchon ?<\/p>\n<p>Hauteur : environ 2 cm<\/p>\n","protected":false},"excerpt":{"rendered":"<p>Petit phoque, en fa\u00efence. Model\u00e9 et peint \u00e0 la main dans dans les ateliers parisiens Dodo toucan, chaque petit phoque est unique. Ce petit phoque \u00e0 la fourrure blanche aime se camoufler dans la neige et les glissades entre les icebergs. Savez-vous que le petit du phoque s\u2019appelle le blanchon ? Hauteur : environ 2 &hellip; <\/p>\n<p class=\"link-more\"><a href=\"https:\/\/lamaisontrebeurden.fr\/fr\/product\/dodo-toucan-bebe-phoque\/\" class=\"more-link\">Continuer la lecture<span class=\"screen-reader-text\"> de &laquo;&nbsp;Dodo Toucan &#8211; B\u00e9b\u00e9 phoque&nbsp;&raquo;<\/span><\/a><\/p>\n","protected":false},"featured_media":6998,"template":"","meta":[],"product_brand":[],"product_cat":[31],"product_tag":[],"class_list":{"0":"post-7008","1":"product","2":"type-product","3":"status-publish","4":"has-post-thumbnail","6":"product_cat-lifestyle","8":"first","9":"instock","10":"taxable","11":"shipping-taxable","12":"purchasable","13":"product-type-simple"},"jetpack_sharing_enabled":true,"_links":{"self":[{"href":"https:\/\/lamaisontrebeurden.fr\/fr\/wp-json\/wp\/v2\/product\/7008","targetHints":{"allow":["GET"]}}],"collection":[{"href":"https:\/\/lamaisontrebeurden.fr\/fr\/wp-json\/wp\/v2\/product"}],"about":[{"href":"https:\/\/lamaisontrebeurden.fr\/fr\/wp-json\/wp\/v2\/types\/product"}],"version-history":[{"count":2,"href":"https:\/\/lamaisontrebeurden.fr\/fr\/wp-json\/wp\/v2\/product\/7008\/revisions"}],"predecessor-version":[{"id":7221,"href":"https:\/\/lamaisontrebeurden.fr\/fr\/wp-json\/wp\/v2\/product\/7008\/revisions\/7221"}],"wp:featuredmedia":[{"embeddable":true,"href":"https:\/\/lamaisontrebeurden.fr\/fr\/wp-json\/wp\/v2\/media\/6998"}],"wp:attachment":[{"href":"https:\/\/lamaisontrebeurden.fr\/fr\/wp-json\/wp\/v2\/media?parent=7008"}],"wp:term":[{"taxonomy":"product_brand","embeddable":true,"href":"https:\/\/lamaisontrebeurden.fr\/fr\/wp-json\/wp\/v2\/product_brand?post=7008"},{"taxonomy":"product_cat","embeddable":true,"href":"https:\/\/lamaisontrebeurden.fr\/fr\/wp-json\/wp\/v2\/product_cat?post=7008"},{"taxonomy":"product_tag","embeddable":true,"href":"https:\/\/lamaisontrebeurden.fr\/fr\/wp-json\/wp\/v2\/product_tag?post=7008"}],"curies":[{"name":"wp","href":"https:\/\/api.w.org\/{rel}","templated":true}]}}