{"id":7034,"date":"2024-11-20T15:58:50","date_gmt":"2024-11-20T15:58:50","guid":{"rendered":"https:\/\/lamaisontrebeurden.fr\/?post_type=product&#038;p=7034"},"modified":"2024-11-30T10:08:14","modified_gmt":"2024-11-30T10:08:14","slug":"bateau-en-bois-tirot-le-bachi-bleu-abysse","status":"publish","type":"product","link":"https:\/\/lamaisontrebeurden.fr\/fr\/product\/bateau-en-bois-tirot-le-bachi-bleu-abysse\/","title":{"rendered":"Bateau en bois Tirot &#8211;  &#8220;Le Bachi&#8221; bleu abysse"},"content":{"rendered":"<p>Le bateau jouet \u201cBachi\u201d est le compagnon id\u00e9al lors des bains de vos enfants !<\/p>\n<p>Fabriqu\u00e9 en bois massif, issu des for\u00eats bretonnes, ce jouet r\u00e9sistera aux ann\u00e9es et \u00e0 l\u2019enthousiasme des plus petits \ud83d\ude42<\/p>\n<p>Sa forme est inspir\u00e9 des thoniers, bateaux de p\u00eache d\u2019autrefois avec lesquels nos anciens p\u00eachaient\u2026. les gros poissons !<\/p>\n<hr \/>\n<p>Artisanat Breton<br \/>\n\ud83c\udf33\u00a0 \u00a0 Bois massif (H\u00eatre)<br \/>\n\ud83c\udf0d\u00a0 \u00a0 Approvisionnement local<br \/>\n\ud83d\udca6\u00a0 \u00a0 Con\u00e7u pour \u00eatre utilis\u00e9 dans l\u2019eau<\/p>\n","protected":false},"excerpt":{"rendered":"<p>Le bateau jouet \u201cBachi\u201d est le compagnon id\u00e9al lors des bains de vos enfants ! Fabriqu\u00e9 en bois massif, issu des for\u00eats bretonnes, ce jouet r\u00e9sistera aux ann\u00e9es et \u00e0 l\u2019enthousiasme des plus petits \ud83d\ude42 Sa forme est inspir\u00e9 des thoniers, bateaux de p\u00eache d\u2019autrefois avec lesquels nos anciens p\u00eachaient\u2026. les gros poissons ! Artisanat &hellip; <\/p>\n<p class=\"link-more\"><a href=\"https:\/\/lamaisontrebeurden.fr\/fr\/product\/bateau-en-bois-tirot-le-bachi-bleu-abysse\/\" class=\"more-link\">Continuer la lecture<span class=\"screen-reader-text\"> de &laquo;&nbsp;Bateau en bois Tirot &#8211;  &#8220;Le Bachi&#8221; bleu abysse&nbsp;&raquo;<\/span><\/a><\/p>\n","protected":false},"featured_media":7019,"template":"","meta":[],"product_brand":[],"product_cat":[177,186],"product_tag":[],"class_list":{"0":"post-7034","1":"product","2":"type-product","3":"status-publish","4":"has-post-thumbnail","6":"product_cat-deco","7":"product_cat-jouet","8":"product_shipping_class-1kg","10":"first","11":"instock","12":"taxable","13":"shipping-taxable","14":"purchasable","15":"product-type-simple"},"jetpack_sharing_enabled":true,"_links":{"self":[{"href":"https:\/\/lamaisontrebeurden.fr\/fr\/wp-json\/wp\/v2\/product\/7034","targetHints":{"allow":["GET"]}}],"collection":[{"href":"https:\/\/lamaisontrebeurden.fr\/fr\/wp-json\/wp\/v2\/product"}],"about":[{"href":"https:\/\/lamaisontrebeurden.fr\/fr\/wp-json\/wp\/v2\/types\/product"}],"version-history":[{"count":2,"href":"https:\/\/lamaisontrebeurden.fr\/fr\/wp-json\/wp\/v2\/product\/7034\/revisions"}],"predecessor-version":[{"id":7216,"href":"https:\/\/lamaisontrebeurden.fr\/fr\/wp-json\/wp\/v2\/product\/7034\/revisions\/7216"}],"wp:featuredmedia":[{"embeddable":true,"href":"https:\/\/lamaisontrebeurden.fr\/fr\/wp-json\/wp\/v2\/media\/7019"}],"wp:attachment":[{"href":"https:\/\/lamaisontrebeurden.fr\/fr\/wp-json\/wp\/v2\/media?parent=7034"}],"wp:term":[{"taxonomy":"product_brand","embeddable":true,"href":"https:\/\/lamaisontrebeurden.fr\/fr\/wp-json\/wp\/v2\/product_brand?post=7034"},{"taxonomy":"product_cat","embeddable":true,"href":"https:\/\/lamaisontrebeurden.fr\/fr\/wp-json\/wp\/v2\/product_cat?post=7034"},{"taxonomy":"product_tag","embeddable":true,"href":"https:\/\/lamaisontrebeurden.fr\/fr\/wp-json\/wp\/v2\/product_tag?post=7034"}],"curies":[{"name":"wp","href":"https:\/\/api.w.org\/{rel}","templated":true}]}}