{"id":7036,"date":"2024-11-20T17:18:18","date_gmt":"2024-11-20T17:18:18","guid":{"rendered":"https:\/\/lamaisontrebeurden.fr\/?post_type=product&#038;p=7036"},"modified":"2024-11-30T10:09:55","modified_gmt":"2024-11-30T10:09:55","slug":"dodo-toucan-phoque-gris","status":"publish","type":"product","link":"https:\/\/lamaisontrebeurden.fr\/fr\/product\/dodo-toucan-phoque-gris\/","title":{"rendered":"Dodo Toucan &#8211; Phoque gris"},"content":{"rendered":"<p>Ce joli petit animal peut se transformer en un \u00e9l\u00e9ment de d\u00e9coration pour une chambre d\u2019enfant, et devenir un compagnon bienveillant. \u00c0 garder pour soi, ou \u00e0 offrir \u00e0 un ami ! Fait main \u00e0 Paris, il est unique \ud83d\ude0a<\/p>\n<p>Dimensions : 8 cm<\/p>\n","protected":false},"excerpt":{"rendered":"<p>Ce joli petit animal peut se transformer en un \u00e9l\u00e9ment de d\u00e9coration pour une chambre d\u2019enfant, et devenir un compagnon bienveillant. \u00c0 garder pour soi, ou \u00e0 offrir \u00e0 un ami ! Fait main \u00e0 Paris, il est unique \ud83d\ude0a Dimensions : 8 cm<\/p>\n","protected":false},"featured_media":7037,"template":"","meta":[],"product_brand":[],"product_cat":[177],"product_tag":[],"class_list":{"0":"post-7036","1":"product","2":"type-product","3":"status-publish","4":"has-post-thumbnail","6":"product_cat-deco","7":"product_shipping_class-1kg","9":"first","10":"instock","11":"taxable","12":"shipping-taxable","13":"purchasable","14":"product-type-simple"},"jetpack_sharing_enabled":true,"_links":{"self":[{"href":"https:\/\/lamaisontrebeurden.fr\/fr\/wp-json\/wp\/v2\/product\/7036","targetHints":{"allow":["GET"]}}],"collection":[{"href":"https:\/\/lamaisontrebeurden.fr\/fr\/wp-json\/wp\/v2\/product"}],"about":[{"href":"https:\/\/lamaisontrebeurden.fr\/fr\/wp-json\/wp\/v2\/types\/product"}],"version-history":[{"count":2,"href":"https:\/\/lamaisontrebeurden.fr\/fr\/wp-json\/wp\/v2\/product\/7036\/revisions"}],"predecessor-version":[{"id":7219,"href":"https:\/\/lamaisontrebeurden.fr\/fr\/wp-json\/wp\/v2\/product\/7036\/revisions\/7219"}],"wp:featuredmedia":[{"embeddable":true,"href":"https:\/\/lamaisontrebeurden.fr\/fr\/wp-json\/wp\/v2\/media\/7037"}],"wp:attachment":[{"href":"https:\/\/lamaisontrebeurden.fr\/fr\/wp-json\/wp\/v2\/media?parent=7036"}],"wp:term":[{"taxonomy":"product_brand","embeddable":true,"href":"https:\/\/lamaisontrebeurden.fr\/fr\/wp-json\/wp\/v2\/product_brand?post=7036"},{"taxonomy":"product_cat","embeddable":true,"href":"https:\/\/lamaisontrebeurden.fr\/fr\/wp-json\/wp\/v2\/product_cat?post=7036"},{"taxonomy":"product_tag","embeddable":true,"href":"https:\/\/lamaisontrebeurden.fr\/fr\/wp-json\/wp\/v2\/product_tag?post=7036"}],"curies":[{"name":"wp","href":"https:\/\/api.w.org\/{rel}","templated":true}]}}