{"id":7054,"date":"2024-11-20T17:48:55","date_gmt":"2024-11-20T17:48:55","guid":{"rendered":"https:\/\/lamaisontrebeurden.fr\/?post_type=product&#038;p=7054"},"modified":"2025-01-23T11:33:06","modified_gmt":"2025-01-23T11:33:06","slug":"bateau-en-bois-tirot-le-saint-germain","status":"publish","type":"product","link":"https:\/\/lamaisontrebeurden.fr\/fr\/product\/bateau-en-bois-tirot-le-saint-germain\/","title":{"rendered":"Bateau en bois Tirot &#8211;  &#8220;Le Saint Germain&#8221;"},"content":{"rendered":"<p>Le voilier Saint Germain est une r\u00e9plique de voilier classique.<\/p>\n<p>Tr\u00e8s \u00e0 son aise dans l\u2019eau d\u2019un bassin ou d\u2019un \u00e9tang, ce voilier est lest\u00e9, lui permettant de r\u00e9sister au vent et ainsi naviguer comme les v\u00e9ritables voiliers (le mal de mer en moins ;)) !<\/p>\n<p>Coque couleur bleu p\u00e9trole avec un liser\u00e9 rouge.<\/p>\n<p>Enti\u00e8rement fabriqu\u00e9 dans les ateliers bretons \u00a0de la Maison Tirot depuis 1946, ce voilier-jouet est aussi tr\u00e8s appr\u00e9ci\u00e9 en d\u00e9coration dans la chambre de votre enfant o\u00f9 dans votre salon.<\/p>\n<hr \/>\n<p>Artisanat Breton<br \/>\n\ud83c\udf33\u00a0 \u00a0 Bois massif (H\u00eatre)<br \/>\n\ud83c\udf0d\u00a0 \u00a0 Approvisionnement local<br \/>\n\ud83d\udc7c\u00a0 \u00a0 R\u00e9pond aux normes NF EN 71 de protection des enfants<br \/>\n\ud83d\udca6\u00a0 \u00a0 Con\u00e7u pour \u00eatre utilis\u00e9 dans l\u2019eau<\/p>\n","protected":false},"excerpt":{"rendered":"<p>Le voilier Saint Germain est une r\u00e9plique de voilier classique. Tr\u00e8s \u00e0 son aise dans l\u2019eau d\u2019un bassin ou d\u2019un \u00e9tang, ce voilier est lest\u00e9, lui permettant de r\u00e9sister au vent et ainsi naviguer comme les v\u00e9ritables voiliers (le mal de mer en moins ;)) ! Coque couleur bleu p\u00e9trole avec un liser\u00e9 rouge. Enti\u00e8rement &hellip; <\/p>\n<p class=\"link-more\"><a href=\"https:\/\/lamaisontrebeurden.fr\/fr\/product\/bateau-en-bois-tirot-le-saint-germain\/\" class=\"more-link\">Continuer la lecture<span class=\"screen-reader-text\"> de &laquo;&nbsp;Bateau en bois Tirot &#8211;  &#8220;Le Saint Germain&#8221;&nbsp;&raquo;<\/span><\/a><\/p>\n","protected":false},"featured_media":7023,"template":"","meta":[],"product_brand":[],"product_cat":[177,186],"product_tag":[],"class_list":{"0":"post-7054","1":"product","2":"type-product","3":"status-publish","4":"has-post-thumbnail","6":"product_cat-deco","7":"product_cat-jouet","8":"product_shipping_class-1kg-et","10":"first","11":"instock","12":"taxable","13":"shipping-taxable","14":"purchasable","15":"product-type-simple"},"jetpack_sharing_enabled":true,"_links":{"self":[{"href":"https:\/\/lamaisontrebeurden.fr\/fr\/wp-json\/wp\/v2\/product\/7054","targetHints":{"allow":["GET"]}}],"collection":[{"href":"https:\/\/lamaisontrebeurden.fr\/fr\/wp-json\/wp\/v2\/product"}],"about":[{"href":"https:\/\/lamaisontrebeurden.fr\/fr\/wp-json\/wp\/v2\/types\/product"}],"version-history":[{"count":2,"href":"https:\/\/lamaisontrebeurden.fr\/fr\/wp-json\/wp\/v2\/product\/7054\/revisions"}],"predecessor-version":[{"id":7208,"href":"https:\/\/lamaisontrebeurden.fr\/fr\/wp-json\/wp\/v2\/product\/7054\/revisions\/7208"}],"wp:featuredmedia":[{"embeddable":true,"href":"https:\/\/lamaisontrebeurden.fr\/fr\/wp-json\/wp\/v2\/media\/7023"}],"wp:attachment":[{"href":"https:\/\/lamaisontrebeurden.fr\/fr\/wp-json\/wp\/v2\/media?parent=7054"}],"wp:term":[{"taxonomy":"product_brand","embeddable":true,"href":"https:\/\/lamaisontrebeurden.fr\/fr\/wp-json\/wp\/v2\/product_brand?post=7054"},{"taxonomy":"product_cat","embeddable":true,"href":"https:\/\/lamaisontrebeurden.fr\/fr\/wp-json\/wp\/v2\/product_cat?post=7054"},{"taxonomy":"product_tag","embeddable":true,"href":"https:\/\/lamaisontrebeurden.fr\/fr\/wp-json\/wp\/v2\/product_tag?post=7054"}],"curies":[{"name":"wp","href":"https:\/\/api.w.org\/{rel}","templated":true}]}}