{"id":7072,"date":"2024-11-20T18:15:14","date_gmt":"2024-11-20T18:15:14","guid":{"rendered":"https:\/\/lamaisontrebeurden.fr\/?post_type=product&#038;p=7072"},"modified":"2026-01-03T10:18:17","modified_gmt":"2026-01-03T10:18:17","slug":"bracelet-carre-de-trefle-chatain","status":"publish","type":"product","link":"https:\/\/lamaisontrebeurden.fr\/fr\/product\/bracelet-carre-de-trefle-chatain\/","title":{"rendered":"Bracelet &#8220;Carr\u00e9 de tr\u00e8fle&#8221; chatain"},"content":{"rendered":"<p style=\"font-weight: 400;\"><b><strong>Tr\u00e8fle sur m\u00e9daillon mont\u00e9 en bracelet avec un lien de coton cir\u00e9 coloris au choix.<\/strong><\/b><\/p>\n<p style=\"font-weight: 400;\">En inclusion sous r\u00e9sine \u00e9poxy coul\u00e9e main sur une pastille de 20mm, un tout jeune tr\u00e8fle p\u00e9rennis\u00e9 mont\u00e9 en bracelet sur un cordon cir\u00e9 r\u00e9glable par un double n\u0153ud coulissant.<\/p>\n<p style=\"font-weight: 400;\">Pr\u00e9sent\u00e9 sous sachet cristal avec son certificat d&#8217;authenticit\u00e9.<\/p>\n<p style=\"font-weight: 400;\">Produit fabriqu\u00e9 en France.<\/p>\n<p style=\"font-weight: 400;\"><em>Nous vous recommandons de ne pas porter nos bijoux sous l&#8217;eau afin de garantir leur long\u00e9vit\u00e9 ainsi que la transparence de la r\u00e9sine.<\/em><\/p>\n","protected":false},"excerpt":{"rendered":"<p>Tr\u00e8fle sur m\u00e9daillon mont\u00e9 en bracelet avec un lien de coton cir\u00e9 coloris au choix. En inclusion sous r\u00e9sine \u00e9poxy coul\u00e9e main sur une pastille de 20mm, un tout jeune tr\u00e8fle p\u00e9rennis\u00e9 mont\u00e9 en bracelet sur un cordon cir\u00e9 r\u00e9glable par un double n\u0153ud coulissant. Pr\u00e9sent\u00e9 sous sachet cristal avec son certificat d&#8217;authenticit\u00e9. Produit fabriqu\u00e9 &hellip; <\/p>\n<p class=\"link-more\"><a href=\"https:\/\/lamaisontrebeurden.fr\/fr\/product\/bracelet-carre-de-trefle-chatain\/\" class=\"more-link\">Continuer la lecture<span class=\"screen-reader-text\"> de &laquo;&nbsp;Bracelet &#8220;Carr\u00e9 de tr\u00e8fle&#8221; chatain&nbsp;&raquo;<\/span><\/a><\/p>\n","protected":false},"featured_media":7066,"template":"","meta":[],"product_brand":[],"product_cat":[31],"product_tag":[],"class_list":{"0":"post-7072","1":"product","2":"type-product","3":"status-publish","4":"has-post-thumbnail","6":"product_cat-lifestyle","7":"product_shipping_class-1kg","9":"first","10":"outofstock","11":"taxable","12":"shipping-taxable","13":"purchasable","14":"product-type-simple"},"jetpack_sharing_enabled":true,"_links":{"self":[{"href":"https:\/\/lamaisontrebeurden.fr\/fr\/wp-json\/wp\/v2\/product\/7072","targetHints":{"allow":["GET"]}}],"collection":[{"href":"https:\/\/lamaisontrebeurden.fr\/fr\/wp-json\/wp\/v2\/product"}],"about":[{"href":"https:\/\/lamaisontrebeurden.fr\/fr\/wp-json\/wp\/v2\/types\/product"}],"version-history":[{"count":1,"href":"https:\/\/lamaisontrebeurden.fr\/fr\/wp-json\/wp\/v2\/product\/7072\/revisions"}],"predecessor-version":[{"id":7073,"href":"https:\/\/lamaisontrebeurden.fr\/fr\/wp-json\/wp\/v2\/product\/7072\/revisions\/7073"}],"wp:featuredmedia":[{"embeddable":true,"href":"https:\/\/lamaisontrebeurden.fr\/fr\/wp-json\/wp\/v2\/media\/7066"}],"wp:attachment":[{"href":"https:\/\/lamaisontrebeurden.fr\/fr\/wp-json\/wp\/v2\/media?parent=7072"}],"wp:term":[{"taxonomy":"product_brand","embeddable":true,"href":"https:\/\/lamaisontrebeurden.fr\/fr\/wp-json\/wp\/v2\/product_brand?post=7072"},{"taxonomy":"product_cat","embeddable":true,"href":"https:\/\/lamaisontrebeurden.fr\/fr\/wp-json\/wp\/v2\/product_cat?post=7072"},{"taxonomy":"product_tag","embeddable":true,"href":"https:\/\/lamaisontrebeurden.fr\/fr\/wp-json\/wp\/v2\/product_tag?post=7072"}],"curies":[{"name":"wp","href":"https:\/\/api.w.org\/{rel}","templated":true}]}}