{"id":7166,"date":"2024-11-28T16:09:06","date_gmt":"2024-11-28T16:09:06","guid":{"rendered":"https:\/\/lamaisontrebeurden.fr\/?post_type=product&#038;p=7166"},"modified":"2024-11-28T17:32:16","modified_gmt":"2024-11-28T17:32:16","slug":"esteban-bougie-parfumee-180g-edition-noel","status":"publish","type":"product","link":"https:\/\/lamaisontrebeurden.fr\/fr\/product\/esteban-bougie-parfumee-180g-edition-noel\/","title":{"rendered":"Esteban Bougie parfum\u00e9e 180g &#8211; Edition No\u00ebl"},"content":{"rendered":"<h1><strong>Esteban Bougie parfum\u00e9e 180g &#8211; Edition No\u00ebl<\/strong><\/h1>\n<div class=\"product-actions\">\n<form id=\"add-to-cart-or-refresh\" action=\"https:\/\/www.esteban.fr\/fr\/panier\" method=\"post\" data-nqis=\"nq-product-form\" data-nqid=\"7\">\n<div class=\"product-prices\">\u00a0<span style=\"font-size: 1rem;\">\u00a0<\/span><\/div>\n<div id=\"product-description-short\">\n<ul>\n<li>Diffusion au gr\u00e9 de vos envies<\/li>\n<li>Cette bougie parfum\u00e9e\u00a0 est fabriqu\u00e9e dans nos ateliers fran\u00e7ais<\/li>\n<li>Cire 100% v\u00e9g\u00e9tale<\/li>\n<li>Bougie 180 g<\/li>\n<li>Un parfum bois\u00e9 ambr\u00e9<\/li>\n<\/ul>\n<\/div>\n<\/form>\n<\/div>\n","protected":false},"excerpt":{"rendered":"<p>Esteban Bougie parfum\u00e9e 180g &#8211; Edition No\u00ebl \u00a0\u00a0 Diffusion au gr\u00e9 de vos envies Cette bougie parfum\u00e9e\u00a0 est fabriqu\u00e9e dans nos ateliers fran\u00e7ais Cire 100% v\u00e9g\u00e9tale Bougie 180 g Un parfum bois\u00e9 ambr\u00e9<\/p>\n","protected":false},"featured_media":7159,"template":"","meta":[],"product_brand":[],"product_cat":[31],"product_tag":[],"class_list":{"0":"post-7166","1":"product","2":"type-product","3":"status-publish","4":"has-post-thumbnail","6":"product_cat-lifestyle","7":"product_shipping_class-1kg","9":"first","10":"instock","11":"taxable","12":"shipping-taxable","13":"purchasable","14":"product-type-simple"},"jetpack_sharing_enabled":true,"_links":{"self":[{"href":"https:\/\/lamaisontrebeurden.fr\/fr\/wp-json\/wp\/v2\/product\/7166","targetHints":{"allow":["GET"]}}],"collection":[{"href":"https:\/\/lamaisontrebeurden.fr\/fr\/wp-json\/wp\/v2\/product"}],"about":[{"href":"https:\/\/lamaisontrebeurden.fr\/fr\/wp-json\/wp\/v2\/types\/product"}],"version-history":[{"count":2,"href":"https:\/\/lamaisontrebeurden.fr\/fr\/wp-json\/wp\/v2\/product\/7166\/revisions"}],"predecessor-version":[{"id":7170,"href":"https:\/\/lamaisontrebeurden.fr\/fr\/wp-json\/wp\/v2\/product\/7166\/revisions\/7170"}],"wp:featuredmedia":[{"embeddable":true,"href":"https:\/\/lamaisontrebeurden.fr\/fr\/wp-json\/wp\/v2\/media\/7159"}],"wp:attachment":[{"href":"https:\/\/lamaisontrebeurden.fr\/fr\/wp-json\/wp\/v2\/media?parent=7166"}],"wp:term":[{"taxonomy":"product_brand","embeddable":true,"href":"https:\/\/lamaisontrebeurden.fr\/fr\/wp-json\/wp\/v2\/product_brand?post=7166"},{"taxonomy":"product_cat","embeddable":true,"href":"https:\/\/lamaisontrebeurden.fr\/fr\/wp-json\/wp\/v2\/product_cat?post=7166"},{"taxonomy":"product_tag","embeddable":true,"href":"https:\/\/lamaisontrebeurden.fr\/fr\/wp-json\/wp\/v2\/product_tag?post=7166"}],"curies":[{"name":"wp","href":"https:\/\/api.w.org\/{rel}","templated":true}]}}