{"id":7171,"date":"2024-11-28T16:24:21","date_gmt":"2024-11-28T16:24:21","guid":{"rendered":"https:\/\/lamaisontrebeurden.fr\/?post_type=product&#038;p=7171"},"modified":"2024-11-28T17:27:11","modified_gmt":"2024-11-28T17:27:11","slug":"esteban-concentre-de-parfum-edition-noel","status":"publish","type":"product","link":"https:\/\/lamaisontrebeurden.fr\/fr\/product\/esteban-concentre-de-parfum-edition-noel\/","title":{"rendered":"Esteban Concentr\u00e9 de parfum- Edition No\u00ebl"},"content":{"rendered":"<div class=\"product-collection\"><strong>Esteban Concentr\u00e9 de parfum &#8211; Edition No\u00ebl<\/strong><\/div>\n<div class=\"product-actions\">\n<form id=\"add-to-cart-or-refresh\" action=\"https:\/\/www.esteban.fr\/fr\/panier\" method=\"post\" data-nqis=\"nq-product-form\" data-nqid=\"7\">\n<div class=\"product-prices\">\n<div class=\"product-price \"><span style=\"font-size: 1rem;\">\u00a0<\/span><\/div>\n<\/div>\n<div id=\"product-description-short\">\n<ul>\n<li>Restitution fid\u00e8le du parfum<\/li>\n<li>Multi-usages (diffuseurs, br\u00fble-parfum)<\/li>\n<li>Ambiance parfum\u00e9e imm\u00e9diate<\/li>\n<li>Flacon en verre enti\u00e8rement recyclable<\/li>\n<li>Flacon 15 ml<\/li>\n<li>Un parfum bois\u00e9 ambr\u00e9<\/li>\n<\/ul>\n<\/div>\n<\/form>\n<\/div>\n","protected":false},"excerpt":{"rendered":"<p>Esteban Concentr\u00e9 de parfum &#8211; Edition No\u00ebl \u00a0 Restitution fid\u00e8le du parfum Multi-usages (diffuseurs, br\u00fble-parfum) Ambiance parfum\u00e9e imm\u00e9diate Flacon en verre enti\u00e8rement recyclable Flacon 15 ml Un parfum bois\u00e9 ambr\u00e9<\/p>\n","protected":false},"featured_media":7164,"template":"","meta":[],"product_brand":[],"product_cat":[31],"product_tag":[],"class_list":{"0":"post-7171","1":"product","2":"type-product","3":"status-publish","4":"has-post-thumbnail","6":"product_cat-lifestyle","7":"product_shipping_class-1kg","9":"first","10":"instock","11":"taxable","12":"shipping-taxable","13":"purchasable","14":"product-type-simple"},"jetpack_sharing_enabled":true,"_links":{"self":[{"href":"https:\/\/lamaisontrebeurden.fr\/fr\/wp-json\/wp\/v2\/product\/7171","targetHints":{"allow":["GET"]}}],"collection":[{"href":"https:\/\/lamaisontrebeurden.fr\/fr\/wp-json\/wp\/v2\/product"}],"about":[{"href":"https:\/\/lamaisontrebeurden.fr\/fr\/wp-json\/wp\/v2\/types\/product"}],"version-history":[{"count":1,"href":"https:\/\/lamaisontrebeurden.fr\/fr\/wp-json\/wp\/v2\/product\/7171\/revisions"}],"predecessor-version":[{"id":7172,"href":"https:\/\/lamaisontrebeurden.fr\/fr\/wp-json\/wp\/v2\/product\/7171\/revisions\/7172"}],"wp:featuredmedia":[{"embeddable":true,"href":"https:\/\/lamaisontrebeurden.fr\/fr\/wp-json\/wp\/v2\/media\/7164"}],"wp:attachment":[{"href":"https:\/\/lamaisontrebeurden.fr\/fr\/wp-json\/wp\/v2\/media?parent=7171"}],"wp:term":[{"taxonomy":"product_brand","embeddable":true,"href":"https:\/\/lamaisontrebeurden.fr\/fr\/wp-json\/wp\/v2\/product_brand?post=7171"},{"taxonomy":"product_cat","embeddable":true,"href":"https:\/\/lamaisontrebeurden.fr\/fr\/wp-json\/wp\/v2\/product_cat?post=7171"},{"taxonomy":"product_tag","embeddable":true,"href":"https:\/\/lamaisontrebeurden.fr\/fr\/wp-json\/wp\/v2\/product_tag?post=7171"}],"curies":[{"name":"wp","href":"https:\/\/api.w.org\/{rel}","templated":true}]}}