{"id":7175,"date":"2024-11-28T16:35:57","date_gmt":"2024-11-28T16:35:57","guid":{"rendered":"https:\/\/lamaisontrebeurden.fr\/?post_type=product&#038;p=7175"},"modified":"2024-11-28T17:23:47","modified_gmt":"2024-11-28T17:23:47","slug":"esteban-recharge-bouquet-ambre","status":"publish","type":"product","link":"https:\/\/lamaisontrebeurden.fr\/fr\/product\/esteban-recharge-bouquet-ambre\/","title":{"rendered":"Esteban Recharge bouquet &#8211; Ambre (250ml)"},"content":{"rendered":"<div class=\"product-collection\">\n<h1><strong>Esteban Recharge bouquet Ambre 15 ml<\/strong><\/h1>\n<div class=\"product-actions\">\n<form id=\"add-to-cart-or-refresh\" action=\"https:\/\/www.esteban.fr\/fr\/panier\" method=\"post\" data-nqis=\"nq-product-form\" data-nqid=\"7\">\n<div id=\"product-description-short\">\n<div class=\"product-actions\">\n<div class=\"product-prices\">\u00a0<span style=\"font-size: 1rem;\">\u00a0<\/span><\/div>\n<div id=\"product-description-short\">\n<ul>\n<li>Avec de l&#8217;alcool v\u00e9g\u00e9tale<\/li>\n<li>Le flacon de la recharge est fabriqu\u00e9 en plastique 100 % recycl\u00e9<\/li>\n<li>Ses mat\u00e9riaux d&#8217;emballage sont enti\u00e8rement recyclables.<\/li>\n<li>Jusqu&#8217;\u00e0 3 mois de diffusion<\/li>\n<li>Flacon 250 ml<\/li>\n<li>Parfum ambr\u00e9-hesp\u00e9rid\u00e9<\/li>\n<\/ul>\n<\/div>\n<\/div>\n<\/div>\n<\/form>\n<\/div>\n<\/div>\n","protected":false},"excerpt":{"rendered":"<p>Esteban Recharge bouquet Ambre 15 ml \u00a0\u00a0 Avec de l&#8217;alcool v\u00e9g\u00e9tale Le flacon de la recharge est fabriqu\u00e9 en plastique 100 % recycl\u00e9 Ses mat\u00e9riaux d&#8217;emballage sont enti\u00e8rement recyclables. Jusqu&#8217;\u00e0 3 mois de diffusion Flacon 250 ml Parfum ambr\u00e9-hesp\u00e9rid\u00e9<\/p>\n","protected":false},"featured_media":7157,"template":"","meta":[],"product_brand":[],"product_cat":[31],"product_tag":[],"class_list":{"0":"post-7175","1":"product","2":"type-product","3":"status-publish","4":"has-post-thumbnail","6":"product_cat-lifestyle","7":"product_shipping_class-1kg","9":"first","10":"instock","11":"taxable","12":"shipping-taxable","13":"purchasable","14":"product-type-simple"},"jetpack_sharing_enabled":true,"_links":{"self":[{"href":"https:\/\/lamaisontrebeurden.fr\/fr\/wp-json\/wp\/v2\/product\/7175","targetHints":{"allow":["GET"]}}],"collection":[{"href":"https:\/\/lamaisontrebeurden.fr\/fr\/wp-json\/wp\/v2\/product"}],"about":[{"href":"https:\/\/lamaisontrebeurden.fr\/fr\/wp-json\/wp\/v2\/types\/product"}],"version-history":[{"count":1,"href":"https:\/\/lamaisontrebeurden.fr\/fr\/wp-json\/wp\/v2\/product\/7175\/revisions"}],"predecessor-version":[{"id":7176,"href":"https:\/\/lamaisontrebeurden.fr\/fr\/wp-json\/wp\/v2\/product\/7175\/revisions\/7176"}],"wp:featuredmedia":[{"embeddable":true,"href":"https:\/\/lamaisontrebeurden.fr\/fr\/wp-json\/wp\/v2\/media\/7157"}],"wp:attachment":[{"href":"https:\/\/lamaisontrebeurden.fr\/fr\/wp-json\/wp\/v2\/media?parent=7175"}],"wp:term":[{"taxonomy":"product_brand","embeddable":true,"href":"https:\/\/lamaisontrebeurden.fr\/fr\/wp-json\/wp\/v2\/product_brand?post=7175"},{"taxonomy":"product_cat","embeddable":true,"href":"https:\/\/lamaisontrebeurden.fr\/fr\/wp-json\/wp\/v2\/product_cat?post=7175"},{"taxonomy":"product_tag","embeddable":true,"href":"https:\/\/lamaisontrebeurden.fr\/fr\/wp-json\/wp\/v2\/product_tag?post=7175"}],"curies":[{"name":"wp","href":"https:\/\/api.w.org\/{rel}","templated":true}]}}