{"id":7407,"date":"2024-12-19T15:58:34","date_gmt":"2024-12-19T15:58:34","guid":{"rendered":"https:\/\/lamaisontrebeurden.fr\/?post_type=product&#038;p=7407"},"modified":"2024-12-19T16:07:46","modified_gmt":"2024-12-19T16:07:46","slug":"table-lamp-camp-led-noire","status":"publish","type":"product","link":"https:\/\/lamaisontrebeurden.fr\/fr\/product\/table-lamp-camp-led-noire\/","title":{"rendered":"Table Lamp Camp LED noire"},"content":{"rendered":"<p>La lampe de table Camp LED de Leitmotiv attire tous les regards gr\u00e2ce \u00e0 sa finition chrom\u00e9e brillante. Parfaite pour ceux qui aiment un peu de bling-bling sur le bureau ou comme accent radieux sur une table d&#8217;appoint. Pr\u00eat \u00e0 illuminer votre espace d&#8217;une touche futuriste ? O\u00f9 placerez-vous la lampe LED Camp de Leitmotiv ?<\/p>\n","protected":false},"excerpt":{"rendered":"<p>La lampe de table Camp LED de Leitmotiv attire tous les regards gr\u00e2ce \u00e0 sa finition chrom\u00e9e brillante. Parfaite pour ceux qui aiment un peu de bling-bling sur le bureau ou comme accent radieux sur une table d&#8217;appoint. Pr\u00eat \u00e0 illuminer votre espace d&#8217;une touche futuriste ? O\u00f9 placerez-vous la lampe LED Camp de Leitmotiv &hellip; <\/p>\n<p class=\"link-more\"><a href=\"https:\/\/lamaisontrebeurden.fr\/fr\/product\/table-lamp-camp-led-noire\/\" class=\"more-link\">Continuer la lecture<span class=\"screen-reader-text\"> de &laquo;&nbsp;Table Lamp Camp LED noire&nbsp;&raquo;<\/span><\/a><\/p>\n","protected":false},"featured_media":7409,"template":"","meta":[],"product_brand":[],"product_cat":[177],"product_tag":[],"class_list":{"0":"post-7407","1":"product","2":"type-product","3":"status-publish","4":"has-post-thumbnail","6":"product_cat-deco","8":"first","9":"instock","10":"taxable","11":"shipping-taxable","12":"purchasable","13":"product-type-simple"},"jetpack_sharing_enabled":true,"_links":{"self":[{"href":"https:\/\/lamaisontrebeurden.fr\/fr\/wp-json\/wp\/v2\/product\/7407","targetHints":{"allow":["GET"]}}],"collection":[{"href":"https:\/\/lamaisontrebeurden.fr\/fr\/wp-json\/wp\/v2\/product"}],"about":[{"href":"https:\/\/lamaisontrebeurden.fr\/fr\/wp-json\/wp\/v2\/types\/product"}],"version-history":[{"count":1,"href":"https:\/\/lamaisontrebeurden.fr\/fr\/wp-json\/wp\/v2\/product\/7407\/revisions"}],"predecessor-version":[{"id":7408,"href":"https:\/\/lamaisontrebeurden.fr\/fr\/wp-json\/wp\/v2\/product\/7407\/revisions\/7408"}],"wp:featuredmedia":[{"embeddable":true,"href":"https:\/\/lamaisontrebeurden.fr\/fr\/wp-json\/wp\/v2\/media\/7409"}],"wp:attachment":[{"href":"https:\/\/lamaisontrebeurden.fr\/fr\/wp-json\/wp\/v2\/media?parent=7407"}],"wp:term":[{"taxonomy":"product_brand","embeddable":true,"href":"https:\/\/lamaisontrebeurden.fr\/fr\/wp-json\/wp\/v2\/product_brand?post=7407"},{"taxonomy":"product_cat","embeddable":true,"href":"https:\/\/lamaisontrebeurden.fr\/fr\/wp-json\/wp\/v2\/product_cat?post=7407"},{"taxonomy":"product_tag","embeddable":true,"href":"https:\/\/lamaisontrebeurden.fr\/fr\/wp-json\/wp\/v2\/product_tag?post=7407"}],"curies":[{"name":"wp","href":"https:\/\/api.w.org\/{rel}","templated":true}]}}