{"id":7433,"date":"2024-12-20T08:53:48","date_gmt":"2024-12-20T08:53:48","guid":{"rendered":"https:\/\/lamaisontrebeurden.fr\/?post_type=product&#038;p=7433"},"modified":"2025-09-18T09:00:06","modified_gmt":"2025-09-18T09:00:06","slug":"le-petit-dejeuner-de-la-maison","status":"publish","type":"product","link":"https:\/\/lamaisontrebeurden.fr\/fr\/product\/le-petit-dejeuner-de-la-maison\/","title":{"rendered":"Le petit d\u00e9jeuner de La Maison"},"content":{"rendered":"<p>Bon cadeau\u00a0 &#8220;Le petit d\u00e9jeuner de La Maison&#8221; , pour deux personnes,<\/p>\n<p>dans la salle du restaurant ou le salon cosy<\/p>\n<p>Petit d\u00e9jeuner buffet comprenant :<\/p>\n<p>G\u00e2teaux maison ( far breton, g\u00e2teau breton, madeleines, &#8230;)<\/p>\n<p>Cr\u00eapes ou pancakes<\/p>\n<p>Pains et viennoiserie<\/p>\n<p>Charcuterie, fromage et oeufs durs<\/p>\n<p>Yaourts maison, overnight chia porridge<\/p>\n<p>Boissons chaudes et jus de fruits<\/p>\n<p>Granola maison<\/p>\n<p>Sur r\u00e9servation (Valable selon disponibilit\u00e9)<\/p>\n","protected":false},"excerpt":{"rendered":"<p>Bon cadeau\u00a0 &#8220;Le petit d\u00e9jeuner de La Maison&#8221; , pour deux personnes, dans la salle du restaurant ou le salon cosy Petit d\u00e9jeuner buffet comprenant : G\u00e2teaux maison ( far breton, g\u00e2teau breton, madeleines, &#8230;) Cr\u00eapes ou pancakes Pains et viennoiserie Charcuterie, fromage et oeufs durs Yaourts maison, overnight chia porridge Boissons chaudes et jus &hellip; <\/p>\n<p class=\"link-more\"><a href=\"https:\/\/lamaisontrebeurden.fr\/fr\/product\/le-petit-dejeuner-de-la-maison\/\" class=\"more-link\">Continuer la lecture<span class=\"screen-reader-text\"> de &laquo;&nbsp;Le petit d\u00e9jeuner de La Maison&nbsp;&raquo;<\/span><\/a><\/p>\n","protected":false},"featured_media":7423,"template":"","meta":[],"product_brand":[],"product_cat":[191],"product_tag":[],"class_list":{"0":"post-7433","1":"product","2":"type-product","3":"status-publish","4":"has-post-thumbnail","6":"product_cat-bon-cadeau","8":"first","9":"instock","10":"taxable","11":"shipping-taxable","12":"purchasable","13":"product-type-simple"},"jetpack_sharing_enabled":true,"_links":{"self":[{"href":"https:\/\/lamaisontrebeurden.fr\/fr\/wp-json\/wp\/v2\/product\/7433","targetHints":{"allow":["GET"]}}],"collection":[{"href":"https:\/\/lamaisontrebeurden.fr\/fr\/wp-json\/wp\/v2\/product"}],"about":[{"href":"https:\/\/lamaisontrebeurden.fr\/fr\/wp-json\/wp\/v2\/types\/product"}],"version-history":[{"count":2,"href":"https:\/\/lamaisontrebeurden.fr\/fr\/wp-json\/wp\/v2\/product\/7433\/revisions"}],"predecessor-version":[{"id":7437,"href":"https:\/\/lamaisontrebeurden.fr\/fr\/wp-json\/wp\/v2\/product\/7433\/revisions\/7437"}],"wp:featuredmedia":[{"embeddable":true,"href":"https:\/\/lamaisontrebeurden.fr\/fr\/wp-json\/wp\/v2\/media\/7423"}],"wp:attachment":[{"href":"https:\/\/lamaisontrebeurden.fr\/fr\/wp-json\/wp\/v2\/media?parent=7433"}],"wp:term":[{"taxonomy":"product_brand","embeddable":true,"href":"https:\/\/lamaisontrebeurden.fr\/fr\/wp-json\/wp\/v2\/product_brand?post=7433"},{"taxonomy":"product_cat","embeddable":true,"href":"https:\/\/lamaisontrebeurden.fr\/fr\/wp-json\/wp\/v2\/product_cat?post=7433"},{"taxonomy":"product_tag","embeddable":true,"href":"https:\/\/lamaisontrebeurden.fr\/fr\/wp-json\/wp\/v2\/product_tag?post=7433"}],"curies":[{"name":"wp","href":"https:\/\/api.w.org\/{rel}","templated":true}]}}